{"id":5479,"date":"2024-08-28T22:07:56","date_gmt":"2024-08-28T22:07:56","guid":{"rendered":"https:\/\/shopfithealthy.com\/?post_type=product&#038;p=5479"},"modified":"2024-09-03T22:27:32","modified_gmt":"2024-09-03T22:27:32","slug":"aminogen","status":"publish","type":"product","link":"https:\/\/shopfithealthy.com\/es\/producto\/aminogen\/","title":{"rendered":"Aminogen\u00ae"},"content":{"rendered":"<h5>Principales ventajas<\/h5>\n<div class=\"disc\">\n<ul>\n<li>Formulado con enzimas para favorecer la digesti\u00f3n de las prote\u00ednas<sup>\u2020<\/sup><\/li>\n<li>Las enzimas ayudan a romper las cadenas de prote\u00ednas en p\u00e9ptidos m\u00e1s peque\u00f1os, que son mol\u00e9culas m\u00e1s peque\u00f1as que el cuerpo puede absorber<sup>\u2020<\/sup><\/li>\n<li>Las prote\u00ednas son importantes para los m\u00fasculos, los huesos, el pelo, la sangre y todos los \u00f3rganos.<sup>\u2020<\/sup><\/li>\n<\/ul>\n<\/div>\n<h5>\u00bfC\u00f3mo Tomar?<\/h5>\n<div class=\"disc\">Tome un comprimido con cualquier comida o tentempi\u00e9 que contenga prote\u00ednas.<br \/>\n<small><sup>\u2020<\/sup>Estas afirmaciones no han sido evaluadas por la Food and Drug Administration. Este producto no est\u00e1 destinado a diagnosticar, tratar, curar o prevenir ninguna enfermedad.<br \/>\n*Aminogen\u00ae is a registered trademark of Triarco Industries.<\/small><\/div>\n<div><\/div>\n<div><\/div>","protected":false},"excerpt":{"rendered":"<h3 id=\"info-toggle\" class=\"info-toggle\">Productos<\/h3>\n<div class=\"info-content info-toggle-content\">\n<article>\n<div class=\"overview\">\n<p>Aminogen<sup>\u00ae*<\/sup>\u00a0est\u00e1 formulado con enzimas para favorecer la digesti\u00f3n de las prote\u00ednas.<sup>\u2020<\/sup>\u00a0Este suplemento diet\u00e9tico a base de enzimas ayuda a descomponer las cadenas de prote\u00ednas en mol\u00e9culas m\u00e1s peque\u00f1as que son m\u00e1s f\u00e1ciles de absorber.<sup>\u2020<\/sup><\/p>\n<p><img decoding=\"async\" src=\"https:\/\/edge.myherbalife.com\/vmba\/media\/9390EB01-2949-40A7-ADE1-B2B85A393F5B\/Web\/General\/Original\/Kosher.jpg\" alt=\"\" \/><\/p>\n<\/div>\n<\/article>\n<\/div>","protected":false},"featured_media":5483,"comment_status":"open","ping_status":"closed","template":"","meta":{"site-sidebar-layout":"default","site-content-layout":"","ast-site-content-layout":"default","site-content-style":"default","site-sidebar-style":"default","ast-global-header-display":"","ast-banner-title-visibility":"","ast-main-header-display":"","ast-hfb-above-header-display":"","ast-hfb-below-header-display":"","ast-hfb-mobile-header-display":"","site-post-title":"","ast-breadcrumbs-content":"","ast-featured-img":"","footer-sml-layout":"","ast-disable-related-posts":"","theme-transparent-header-meta":"default","adv-header-id-meta":"","stick-header-meta":"","header-above-stick-meta":"","header-main-stick-meta":"","header-below-stick-meta":"","astra-migrate-meta-layouts":"set","ast-page-background-enabled":"default","ast-page-background-meta":{"desktop":{"background-color":"var(--ast-global-color-4)","background-image":"","background-repeat":"repeat","background-position":"center center","background-size":"auto","background-attachment":"scroll","background-type":"","background-media":"","overlay-type":"","overlay-color":"","overlay-opacity":"","overlay-gradient":""},"tablet":{"background-color":"","background-image":"","background-repeat":"repeat","background-position":"center center","background-size":"auto","background-attachment":"scroll","background-type":"","background-media":"","overlay-type":"","overlay-color":"","overlay-opacity":"","overlay-gradient":""},"mobile":{"background-color":"","background-image":"","background-repeat":"repeat","background-position":"center center","background-size":"auto","background-attachment":"scroll","background-type":"","background-media":"","overlay-type":"","overlay-color":"","overlay-opacity":"","overlay-gradient":""}},"ast-content-background-meta":{"desktop":{"background-color":"var(--ast-global-color-5)","background-image":"","background-repeat":"repeat","background-position":"center center","background-size":"auto","background-attachment":"scroll","background-type":"","background-media":"","overlay-type":"","overlay-color":"","overlay-opacity":"","overlay-gradient":""},"tablet":{"background-color":"var(--ast-global-color-5)","background-image":"","background-repeat":"repeat","background-position":"center center","background-size":"auto","background-attachment":"scroll","background-type":"","background-media":"","overlay-type":"","overlay-color":"","overlay-opacity":"","overlay-gradient":""},"mobile":{"background-color":"var(--ast-global-color-5)","background-image":"","background-repeat":"repeat","background-position":"center center","background-size":"auto","background-attachment":"scroll","background-type":"","background-media":"","overlay-type":"","overlay-color":"","overlay-opacity":"","overlay-gradient":""}}},"product_brand":[],"product_cat":[34],"product_tag":[],"class_list":{"0":"post-5479","1":"product","2":"type-product","3":"status-publish","4":"has-post-thumbnail","6":"product_cat-active-fiber","7":"desktop-align-left","8":"tablet-align-left","9":"mobile-align-left","11":"first","12":"instock","13":"shipping-taxable","14":"product-type-external"},"_links":{"self":[{"href":"https:\/\/shopfithealthy.com\/es\/wp-json\/wp\/v2\/product\/5479","targetHints":{"allow":["GET"]}}],"collection":[{"href":"https:\/\/shopfithealthy.com\/es\/wp-json\/wp\/v2\/product"}],"about":[{"href":"https:\/\/shopfithealthy.com\/es\/wp-json\/wp\/v2\/types\/product"}],"replies":[{"embeddable":true,"href":"https:\/\/shopfithealthy.com\/es\/wp-json\/wp\/v2\/comments?post=5479"}],"wp:featuredmedia":[{"embeddable":true,"href":"https:\/\/shopfithealthy.com\/es\/wp-json\/wp\/v2\/media\/5483"}],"wp:attachment":[{"href":"https:\/\/shopfithealthy.com\/es\/wp-json\/wp\/v2\/media?parent=5479"}],"wp:term":[{"taxonomy":"product_brand","embeddable":true,"href":"https:\/\/shopfithealthy.com\/es\/wp-json\/wp\/v2\/product_brand?post=5479"},{"taxonomy":"product_cat","embeddable":true,"href":"https:\/\/shopfithealthy.com\/es\/wp-json\/wp\/v2\/product_cat?post=5479"},{"taxonomy":"product_tag","embeddable":true,"href":"https:\/\/shopfithealthy.com\/es\/wp-json\/wp\/v2\/product_tag?post=5479"}],"curies":[{"name":"wp","href":"https:\/\/api.w.org\/{rel}","templated":true}]}}