{"id":5332,"date":"2024-08-07T15:04:19","date_gmt":"2024-08-07T15:04:19","guid":{"rendered":"https:\/\/shopfithealthy.com\/?post_type=product&#038;p=5332"},"modified":"2024-09-11T17:10:11","modified_gmt":"2024-09-11T17:10:11","slug":"5332","status":"publish","type":"product","link":"https:\/\/shopfithealthy.com\/es\/producto\/5332\/","title":{"rendered":"Herbalife24\u00ae Creatine"},"content":{"rendered":"<h5>Principales ventajas<\/h5>\n<div class=\"disc\">\n<ul>\n<li>Favorece los movimientos potentes y explosivos con 5 g de monohidrato de creatina<sup>*<\/sup><\/li>\n<li>Aumenta la masa muscular cuando se combina con ejercicios de fuerza<sup>*<\/sup><b><\/b><\/li>\n<li>Sabor neutro<\/li>\n<li>NSF<sup>\u00ae<\/sup>\u00a0Certificado para el deporte<sup>\u00ae\u2020<\/sup><\/li>\n<li>Apto para veganos<sup>\u2021<\/sup><\/li>\n<li>Gluten-free<\/li>\n<\/ul>\n<\/div>\n<h5>Datos principales<\/h5>\n<div class=\"disc\">\n<p><sup>\u2020<\/sup>Certificado para el deporte<sup>\u00ae<\/sup>\u00a0es una marca registrada de NSF.<\/p>\n<p><sup>\u2021<\/sup>Products that contain no animal or animal by-products whatsoever, including dairy and eggs. No animal ingredients or by-products are used in the manufacturing process and no animal testing is performed on the final product.<\/p>\n<\/div>\n<h5>\u00bfC\u00f3mo Tomar?<\/h5>\n<div class=\"disc\">\n<ul>\n<li>Mezclar 2 scoops (5 g) en 8 onzas l\u00edquidas de agua fr\u00eda o tibia o en el l\u00edquido de su elecci\u00f3n y consumir despu\u00e9s de la preparaci\u00f3n.<\/li>\n<li>Disfr\u00fatelo una vez al d\u00eda a cualquier hora<\/li>\n<li>Las personas que atraviesan una \u00abfase de carga\u00bb pueden tomar dosis elevadas de hasta 20 g de creatina al d\u00eda durante cinco a siete d\u00edas antes de pasar a una dosis diaria m\u00e1s baja.<\/li>\n<\/ul>\n<\/div>\n<div class=\"disc\"><small>*Estas afirmaciones no han sido evaluadas por la Food and Drug Administration. Este producto no est\u00e1 destinado a diagnosticar, tratar, curar o prevenir ninguna enfermedad.<\/small><\/div>\n<p>&nbsp;<\/p>","protected":false},"excerpt":{"rendered":"<h3 id=\"info-toggle\" class=\"info-toggle\">Productos<\/h3>\n<div class=\"info-content info-toggle-content\">\n<article>\n<div class=\"overview\">\n<p>Aumente los resultados del duro trabajo que realiza en su entrenamiento haciendo que Herbalife24<sup>\u00ae<\/sup>\u00a0La creatina como parte de su rutina diaria de ejercicios. Los 5 gramos de monohidrato de creatina ayudan a aumentar el rendimiento durante sesiones de ejercicio de corta duraci\u00f3n, de alta intensidad y repetidas, y te ayudan a mejorar la fuerza muscular y a aumentar la masa muscular magra<sup>*<\/sup>\u00a0\u2013 even on your days off!<sup>*<\/sup>\u00a0Herbalife24<sup>\u00ae<\/sup>\u00a0La creatina est\u00e1 certificada por la Asociaci\u00f3n Vegetariana Americana (AVA), apta para veganos<sup>\u2021<\/sup>\u00a0y favorece los niveles de creatina muscular.<sup>*<\/sup><\/p>\n<\/div>\n<\/article>\n<\/div>","protected":false},"featured_media":5334,"comment_status":"open","ping_status":"closed","template":"","meta":{"site-sidebar-layout":"default","site-content-layout":"","ast-site-content-layout":"default","site-content-style":"default","site-sidebar-style":"default","ast-global-header-display":"","ast-banner-title-visibility":"","ast-main-header-display":"","ast-hfb-above-header-display":"","ast-hfb-below-header-display":"","ast-hfb-mobile-header-display":"","site-post-title":"","ast-breadcrumbs-content":"","ast-featured-img":"","footer-sml-layout":"","ast-disable-related-posts":"","theme-transparent-header-meta":"default","adv-header-id-meta":"","stick-header-meta":"","header-above-stick-meta":"","header-main-stick-meta":"","header-below-stick-meta":"","astra-migrate-meta-layouts":"set","ast-page-background-enabled":"default","ast-page-background-meta":{"desktop":{"background-color":"var(--ast-global-color-4)","background-image":"","background-repeat":"repeat","background-position":"center center","background-size":"auto","background-attachment":"scroll","background-type":"","background-media":"","overlay-type":"","overlay-color":"","overlay-opacity":"","overlay-gradient":""},"tablet":{"background-color":"","background-image":"","background-repeat":"repeat","background-position":"center center","background-size":"auto","background-attachment":"scroll","background-type":"","background-media":"","overlay-type":"","overlay-color":"","overlay-opacity":"","overlay-gradient":""},"mobile":{"background-color":"","background-image":"","background-repeat":"repeat","background-position":"center center","background-size":"auto","background-attachment":"scroll","background-type":"","background-media":"","overlay-type":"","overlay-color":"","overlay-opacity":"","overlay-gradient":""}},"ast-content-background-meta":{"desktop":{"background-color":"var(--ast-global-color-5)","background-image":"","background-repeat":"repeat","background-position":"center center","background-size":"auto","background-attachment":"scroll","background-type":"","background-media":"","overlay-type":"","overlay-color":"","overlay-opacity":"","overlay-gradient":""},"tablet":{"background-color":"var(--ast-global-color-5)","background-image":"","background-repeat":"repeat","background-position":"center center","background-size":"auto","background-attachment":"scroll","background-type":"","background-media":"","overlay-type":"","overlay-color":"","overlay-opacity":"","overlay-gradient":""},"mobile":{"background-color":"var(--ast-global-color-5)","background-image":"","background-repeat":"repeat","background-position":"center center","background-size":"auto","background-attachment":"scroll","background-type":"","background-media":"","overlay-type":"","overlay-color":"","overlay-opacity":"","overlay-gradient":""}}},"product_brand":[],"product_cat":[17],"product_tag":[33,19,18,49],"class_list":{"0":"post-5332","1":"product","2":"type-product","3":"status-publish","4":"has-post-thumbnail","6":"product_cat-protein","7":"product_tag-healthy","8":"product_tag-herbalife","9":"product_tag-protein","10":"product_tag-supplements","11":"desktop-align-left","12":"tablet-align-left","13":"mobile-align-left","15":"first","16":"instock","17":"shipping-taxable","18":"product-type-external"},"_links":{"self":[{"href":"https:\/\/shopfithealthy.com\/es\/wp-json\/wp\/v2\/product\/5332","targetHints":{"allow":["GET"]}}],"collection":[{"href":"https:\/\/shopfithealthy.com\/es\/wp-json\/wp\/v2\/product"}],"about":[{"href":"https:\/\/shopfithealthy.com\/es\/wp-json\/wp\/v2\/types\/product"}],"replies":[{"embeddable":true,"href":"https:\/\/shopfithealthy.com\/es\/wp-json\/wp\/v2\/comments?post=5332"}],"wp:featuredmedia":[{"embeddable":true,"href":"https:\/\/shopfithealthy.com\/es\/wp-json\/wp\/v2\/media\/5334"}],"wp:attachment":[{"href":"https:\/\/shopfithealthy.com\/es\/wp-json\/wp\/v2\/media?parent=5332"}],"wp:term":[{"taxonomy":"product_brand","embeddable":true,"href":"https:\/\/shopfithealthy.com\/es\/wp-json\/wp\/v2\/product_brand?post=5332"},{"taxonomy":"product_cat","embeddable":true,"href":"https:\/\/shopfithealthy.com\/es\/wp-json\/wp\/v2\/product_cat?post=5332"},{"taxonomy":"product_tag","embeddable":true,"href":"https:\/\/shopfithealthy.com\/es\/wp-json\/wp\/v2\/product_tag?post=5332"}],"curies":[{"name":"wp","href":"https:\/\/api.w.org\/{rel}","templated":true}]}}