{"id":415,"date":"2024-07-05T23:02:42","date_gmt":"2024-07-05T23:02:42","guid":{"rendered":"https:\/\/shopfithealthy.com\/?post_type=product&#038;p=415"},"modified":"2024-09-03T22:32:49","modified_gmt":"2024-09-03T22:32:49","slug":"herbalife24-prepare","status":"publish","type":"product","link":"https:\/\/shopfithealthy.com\/es\/producto\/herbalife24-prepare\/","title":{"rendered":"Herbalife24\u00ae Prepare"},"content":{"rendered":"<h5>Principales ventajas<\/h5>\n<div class=\"disc\">\n<ul>\n<li>La L-arginina favorece la circulaci\u00f3n sangu\u00ednea*.<\/li>\n<li>El sistema precursor de L-arginina, L-citrulina y ornitina AKG favorece la producci\u00f3n de \u00f3xido n\u00edtrico*.<\/li>\n<li>60 calor\u00edas por servicio<\/li>\n<li>21 gr de creatina por raci\u00f3n para potenciar la fuerza muscular*.<\/li>\n<li>- 100 mg de cafe\u00edna para ayudar a mantener la concentraci\u00f3n y el rendimiento*.<\/li>\n<li>Certificado NSF para el deporte<sup><small>\u00ae\u2020<\/small><\/sup>\n<ul>\n<li>Probado - Limpio de sustancias prohibidas en atletismo<\/li>\n<li>Verificado - Cumple las declaraciones de la etiqueta y los criterios de las pruebas de contaminantes<\/li>\n<li>Auditor\u00eda - Las instalaciones de fabricaci\u00f3n cumplen las BPF<\/li>\n<\/ul>\n<\/li>\n<\/ul>\n<\/div>\n<h5>\u00bfC\u00f3mo Tomar?<\/h5>\n<div class=\"disc\">\n<ul>\n<li>Agite suavemente el bote antes de cada uso, ya que el contenido puede sedimentarse.<\/li>\n<li>Mezclar 2 cucharadas en 16 onzas de agua y consumir una vez al d\u00eda antes o durante el ejercicio.<\/li>\n<\/ul>\n<table border=\"0\">\n<tbody>\n<tr>\n<td><small>*Estas afirmaciones no han sido evaluadas por la Food and Drug Administration. Este producto no est\u00e1 destinado a diagnosticar, tratar, curar o prevenir ninguna enfermedad.<\/small><\/td>\n<\/tr>\n<\/tbody>\n<\/table>\n<\/div>","protected":false},"excerpt":{"rendered":"<h3 id=\"info-toggle\" class=\"info-toggle\">Productos<\/h3>\n<div class=\"info-content info-toggle-content\">\n<article>\n<div class=\"overview\">Prep\u00e1rate para tu pr\u00f3ximo entrenamiento con Herbalife24<sup><small>\u00ae<\/small><\/sup>\u00a0Prepare, disponible en sabores Tropical Mango y Sand\u00eda. Esta f\u00f3rmula \u00fanica apoya el flujo sangu\u00edneo saludable y el suministro de nutrientes a los m\u00fasculos durante el ejercicio.* Formulado con monohidrato de creatina para apoyar las contracciones musculares intensas para potenciar a\u00fan m\u00e1s sus entrenamientos.*<\/div>\n<\/article>\n<\/div>","protected":false},"featured_media":418,"comment_status":"open","ping_status":"closed","template":"","meta":{"site-sidebar-layout":"no-sidebar","site-content-layout":"","ast-site-content-layout":"default","site-content-style":"unboxed","site-sidebar-style":"unboxed","ast-global-header-display":"","ast-banner-title-visibility":"","ast-main-header-display":"","ast-hfb-above-header-display":"","ast-hfb-below-header-display":"","ast-hfb-mobile-header-display":"","site-post-title":"","ast-breadcrumbs-content":"","ast-featured-img":"","footer-sml-layout":"","ast-disable-related-posts":"","theme-transparent-header-meta":"default","adv-header-id-meta":"","stick-header-meta":"","header-above-stick-meta":"","header-main-stick-meta":"","header-below-stick-meta":"","astra-migrate-meta-layouts":"set","ast-page-background-enabled":"default","ast-page-background-meta":{"desktop":{"background-color":"var(--ast-global-color-4)","background-image":"","background-repeat":"repeat","background-position":"center center","background-size":"auto","background-attachment":"scroll","background-type":"","background-media":"","overlay-type":"","overlay-color":"","overlay-opacity":"","overlay-gradient":""},"tablet":{"background-color":"","background-image":"","background-repeat":"repeat","background-position":"center center","background-size":"auto","background-attachment":"scroll","background-type":"","background-media":"","overlay-type":"","overlay-color":"","overlay-opacity":"","overlay-gradient":""},"mobile":{"background-color":"","background-image":"","background-repeat":"repeat","background-position":"center center","background-size":"auto","background-attachment":"scroll","background-type":"","background-media":"","overlay-type":"","overlay-color":"","overlay-opacity":"","overlay-gradient":""}},"ast-content-background-meta":{"desktop":{"background-color":"var(--ast-global-color-5)","background-image":"","background-repeat":"repeat","background-position":"center center","background-size":"auto","background-attachment":"scroll","background-type":"","background-media":"","overlay-type":"","overlay-color":"","overlay-opacity":"","overlay-gradient":""},"tablet":{"background-color":"var(--ast-global-color-5)","background-image":"","background-repeat":"repeat","background-position":"center center","background-size":"auto","background-attachment":"scroll","background-type":"","background-media":"","overlay-type":"","overlay-color":"","overlay-opacity":"","overlay-gradient":""},"mobile":{"background-color":"var(--ast-global-color-5)","background-image":"","background-repeat":"repeat","background-position":"center center","background-size":"auto","background-attachment":"scroll","background-type":"","background-media":"","overlay-type":"","overlay-color":"","overlay-opacity":"","overlay-gradient":""}}},"product_brand":[],"product_cat":[17],"product_tag":[33,19,18,47],"class_list":{"0":"post-415","1":"product","2":"type-product","3":"status-publish","4":"has-post-thumbnail","6":"product_cat-protein","7":"product_tag-healthy","8":"product_tag-herbalife","9":"product_tag-protein","10":"product_tag-teadrinks","11":"desktop-align-left","12":"tablet-align-left","13":"mobile-align-left","15":"first","16":"instock","17":"shipping-taxable","18":"product-type-external"},"_links":{"self":[{"href":"https:\/\/shopfithealthy.com\/es\/wp-json\/wp\/v2\/product\/415","targetHints":{"allow":["GET"]}}],"collection":[{"href":"https:\/\/shopfithealthy.com\/es\/wp-json\/wp\/v2\/product"}],"about":[{"href":"https:\/\/shopfithealthy.com\/es\/wp-json\/wp\/v2\/types\/product"}],"replies":[{"embeddable":true,"href":"https:\/\/shopfithealthy.com\/es\/wp-json\/wp\/v2\/comments?post=415"}],"wp:featuredmedia":[{"embeddable":true,"href":"https:\/\/shopfithealthy.com\/es\/wp-json\/wp\/v2\/media\/418"}],"wp:attachment":[{"href":"https:\/\/shopfithealthy.com\/es\/wp-json\/wp\/v2\/media?parent=415"}],"wp:term":[{"taxonomy":"product_brand","embeddable":true,"href":"https:\/\/shopfithealthy.com\/es\/wp-json\/wp\/v2\/product_brand?post=415"},{"taxonomy":"product_cat","embeddable":true,"href":"https:\/\/shopfithealthy.com\/es\/wp-json\/wp\/v2\/product_cat?post=415"},{"taxonomy":"product_tag","embeddable":true,"href":"https:\/\/shopfithealthy.com\/es\/wp-json\/wp\/v2\/product_tag?post=415"}],"curies":[{"name":"wp","href":"https:\/\/api.w.org\/{rel}","templated":true}]}}