{"id":404,"date":"2024-07-05T22:56:04","date_gmt":"2024-07-05T22:56:04","guid":{"rendered":"https:\/\/shopfithealthy.com\/?post_type=product&#038;p=404"},"modified":"2024-09-03T22:34:26","modified_gmt":"2024-09-03T22:34:26","slug":"liftoff","status":"publish","type":"product","link":"https:\/\/shopfithealthy.com\/es\/producto\/liftoff\/","title":{"rendered":"Liftoff\u00ae"},"content":{"rendered":"<h5>Principales ventajas<\/h5>\n<div class=\"disc\">\n<ul>\n<li>75 mg de cafe\u00edna<\/li>\n<li>15 calor\u00edas<\/li>\n<li>0 g Az\u00facar<\/li>\n<li>Favorece la funci\u00f3n cerebral y acelera la recuperaci\u00f3n de la memoria<sup>\u2020\u00a0<\/sup>and helps reduce the feeling of mental fatigue with ginsenosides<sup>*<\/sup><\/li>\n<li>Specially formulated with 351 mg of a unique energy blend that includes panax ginseng, L-taurine, caffeine, guarana extract and inositol<\/li>\n<li>Contiene vitamina C y vitaminas del grupo B que aportan energ\u00eda: B1, B2, B3, B5, B6, B7 y B12<sup>*<\/sup><\/li>\n<li>La cafe\u00edna es un termog\u00e9nico natural y aumenta temporalmente el metabolismo.<sup>*<\/sup><\/li>\n<\/ul>\n<\/div>\n<h5>Datos principales<\/h5>\n<div class=\"disc\">\n<p><sup>\u2020<\/sup>Beneficio temporal basado en el consumo de ginseng por adultos j\u00f3venes sanos.<\/p>\n<p><sup>\u2021<\/sup>Limite la cafe\u00edna a 200 miligramos por sesi\u00f3n y a unos 400 miligramos de cafe\u00edna al d\u00eda.<\/p>\n<\/div>\n<h5>\u00bfC\u00f3mo Tomar?<\/h5>\n<div class=\"disc\">\n<ul>\n<li>Mezclar una porci\u00f3n (5 g, un stick pack) con 8 fl. oz. de agua<\/li>\n<li>Para tomar por la ma\u00f1ana o a media tarde<sup>\u2021<\/sup><\/li>\n<\/ul>\n<\/div>\n<div class=\"disc\"><small>*Estas afirmaciones no han sido evaluadas por la Food and Drug Administration. Este producto no est\u00e1 destinado a diagnosticar, tratar, curar o prevenir ninguna enfermedad.<\/small><\/div>\n<div><\/div>\n<div>\n<table width=\"406\">\n<tbody>\n<tr>\n<td width=\"406\"><strong>Liftoff\u00ae<\/strong><\/td>\n<\/tr>\n<tr>\n<td><strong>Pomegrade Stick de fresas 30 paquetes<\/strong><\/td>\n<\/tr>\n<tr>\n<td><strong>Pomegrade Berry Burst 10 comprimidos<\/strong><\/td>\n<\/tr>\n<tr>\n<td><strong>\u00a0Stick Fuerza Fruta Tropical 30 paquetes<\/strong><\/td>\n<\/tr>\n<tr>\n<td><strong>\u00a0Fuerza Fruta Tropical 10 comprimidos<\/strong><\/td>\n<\/tr>\n<tr>\n<td><strong>Ignite-Me Naranja Stick 30 Envases<\/strong><\/td>\n<\/tr>\n<tr>\n<td><strong>Ignite-Me Naranja 10 comprimidos<\/strong><\/td>\n<\/tr>\n<tr>\n<td><strong>Lim\u00f3n -Lim\u00f3n -Lima Bkast stick 30 Envases<\/strong><\/td>\n<\/tr>\n<tr>\n<td><strong>Lim\u00f3n -Lim\u00f3n -Lima Bkast stick 30 Envases\u00a0<\/strong><\/td>\n<\/tr>\n<\/tbody>\n<\/table>\n<\/div>","protected":false},"excerpt":{"rendered":"<h3 id=\"info-toggle\" class=\"info-toggle\">Productos<\/h3>\n<div class=\"info-content info-toggle-content\">\n<article>\n<div class=\"overview\">\n<p>Hemos cogido todo lo que te gusta de nuestros comprimidos Liftoff\u00ae que te aportan energ\u00eda y lo hemos puesto en forma de polvo. Estos pr\u00e1cticos envases en polvo son perfectos para cuando necesites un est\u00edmulo vigorizante sobre la marcha.<sup>*<\/sup><\/p>\n<\/div>\n<\/article>\n<\/div>","protected":false},"featured_media":405,"comment_status":"open","ping_status":"closed","template":"","meta":{"site-sidebar-layout":"no-sidebar","site-content-layout":"","ast-site-content-layout":"default","site-content-style":"unboxed","site-sidebar-style":"unboxed","ast-global-header-display":"","ast-banner-title-visibility":"","ast-main-header-display":"","ast-hfb-above-header-display":"","ast-hfb-below-header-display":"","ast-hfb-mobile-header-display":"","site-post-title":"","ast-breadcrumbs-content":"","ast-featured-img":"","footer-sml-layout":"","ast-disable-related-posts":"","theme-transparent-header-meta":"default","adv-header-id-meta":"","stick-header-meta":"","header-above-stick-meta":"","header-main-stick-meta":"","header-below-stick-meta":"","astra-migrate-meta-layouts":"set","ast-page-background-enabled":"default","ast-page-background-meta":{"desktop":{"background-color":"var(--ast-global-color-4)","background-image":"","background-repeat":"repeat","background-position":"center center","background-size":"auto","background-attachment":"scroll","background-type":"","background-media":"","overlay-type":"","overlay-color":"","overlay-opacity":"","overlay-gradient":""},"tablet":{"background-color":"","background-image":"","background-repeat":"repeat","background-position":"center center","background-size":"auto","background-attachment":"scroll","background-type":"","background-media":"","overlay-type":"","overlay-color":"","overlay-opacity":"","overlay-gradient":""},"mobile":{"background-color":"","background-image":"","background-repeat":"repeat","background-position":"center center","background-size":"auto","background-attachment":"scroll","background-type":"","background-media":"","overlay-type":"","overlay-color":"","overlay-opacity":"","overlay-gradient":""}},"ast-content-background-meta":{"desktop":{"background-color":"var(--ast-global-color-5)","background-image":"","background-repeat":"repeat","background-position":"center center","background-size":"auto","background-attachment":"scroll","background-type":"","background-media":"","overlay-type":"","overlay-color":"","overlay-opacity":"","overlay-gradient":""},"tablet":{"background-color":"var(--ast-global-color-5)","background-image":"","background-repeat":"repeat","background-position":"center center","background-size":"auto","background-attachment":"scroll","background-type":"","background-media":"","overlay-type":"","overlay-color":"","overlay-opacity":"","overlay-gradient":""},"mobile":{"background-color":"var(--ast-global-color-5)","background-image":"","background-repeat":"repeat","background-position":"center center","background-size":"auto","background-attachment":"scroll","background-type":"","background-media":"","overlay-type":"","overlay-color":"","overlay-opacity":"","overlay-gradient":""}}},"product_brand":[],"product_cat":[17],"product_tag":[19,49,45],"class_list":{"0":"post-404","1":"product","2":"type-product","3":"status-publish","4":"has-post-thumbnail","6":"product_cat-protein","7":"product_tag-herbalife","8":"product_tag-supplements","9":"product_tag-vitamins","10":"desktop-align-left","11":"tablet-align-left","12":"mobile-align-left","14":"first","15":"instock","16":"shipping-taxable","17":"product-type-external"},"_links":{"self":[{"href":"https:\/\/shopfithealthy.com\/es\/wp-json\/wp\/v2\/product\/404","targetHints":{"allow":["GET"]}}],"collection":[{"href":"https:\/\/shopfithealthy.com\/es\/wp-json\/wp\/v2\/product"}],"about":[{"href":"https:\/\/shopfithealthy.com\/es\/wp-json\/wp\/v2\/types\/product"}],"replies":[{"embeddable":true,"href":"https:\/\/shopfithealthy.com\/es\/wp-json\/wp\/v2\/comments?post=404"}],"wp:featuredmedia":[{"embeddable":true,"href":"https:\/\/shopfithealthy.com\/es\/wp-json\/wp\/v2\/media\/405"}],"wp:attachment":[{"href":"https:\/\/shopfithealthy.com\/es\/wp-json\/wp\/v2\/media?parent=404"}],"wp:term":[{"taxonomy":"product_brand","embeddable":true,"href":"https:\/\/shopfithealthy.com\/es\/wp-json\/wp\/v2\/product_brand?post=404"},{"taxonomy":"product_cat","embeddable":true,"href":"https:\/\/shopfithealthy.com\/es\/wp-json\/wp\/v2\/product_cat?post=404"},{"taxonomy":"product_tag","embeddable":true,"href":"https:\/\/shopfithealthy.com\/es\/wp-json\/wp\/v2\/product_tag?post=404"}],"curies":[{"name":"wp","href":"https:\/\/api.w.org\/{rel}","templated":true}]}}