{"id":401,"date":"2024-07-05T22:53:16","date_gmt":"2024-07-05T22:53:16","guid":{"rendered":"https:\/\/shopfithealthy.com\/?post_type=product&#038;p=401"},"modified":"2024-09-03T22:35:26","modified_gmt":"2024-09-03T22:35:26","slug":"herbalife24-cr7-drive","status":"publish","type":"product","link":"https:\/\/shopfithealthy.com\/es\/producto\/herbalife24-cr7-drive\/","title":{"rendered":"Herbalife24\u00ae CR7 Drive"},"content":{"rendered":"<h5>Principales ventajas<\/h5>\n<div class=\"disc\">\n<ul>\n<li>Mejora la hidrataci\u00f3n con 320 mg de electrolitos vitales perdidos durante el ejercicio<\/li>\n<li>La glucosa que alimenta el cerebro ayuda a tomar decisiones r\u00e1pidas y precisas durante el partido.<\/li>\n<li>La mezcla de hidratos de carbono de f\u00e1cil digesti\u00f3n ayuda a alimentar los m\u00fasculos y a mantener los niveles de energ\u00eda.<\/li>\n<li>Ligeramente aromatizado, sin aromas ni edulcorantes artificiales<\/li>\n<li>Probado por la NSF y certificado para el deporte\u00ae*.<\/li>\n<\/ul>\n<\/div>\n<h5>Datos principales<\/h5>\n<div class=\"disc\">\n<ul>\n<li>Mezcla de cuatro carbohidratos para proporcionar una mezcla de carbohidratos que ayude al rendimiento<\/li>\n<li>Contiene 50% DV de metilcobalamina, la forma biol\u00f3gicamente activa de la vitamina B12<\/li>\n<li>Formulado con electrolitos vitales para ayudar a mejorar la hidrataci\u00f3n<\/li>\n<li>Coloreado con zumo de aut\u00e9nticas zanahorias y uvas moradas<\/li>\n<\/ul>\n<p><small>*Certified for Sport<sup>\u00ae<\/sup>\u00a0es una marca registrada de NSF International.<\/small><\/p>\n<\/div>\n<h5>\u00bfC\u00f3mo Tomar?<\/h5>\n<div class=\"disc\">Consumir antes del entrenamiento para completar los sistemas de energ\u00eda, o durante el ejercicio para alimentar y sacar el m\u00e1ximo provecho de sus entrenamientos. Envase: Mezcle un cacito (13,5 g) por cada 8 onzas l\u00edquidas de agua: Mezcle un sobre (un sobre = 2 raciones) por 16 onzas l\u00edquidas de agua.<\/div>\n<p>&nbsp;<\/p>","protected":false},"excerpt":{"rendered":"<h3 id=\"info-toggle\" class=\"info-toggle\">Productos<\/h3>\n<div class=\"info-content info-toggle-content\">\n<article>\n<div class=\"overview\">\u00a1Alimente r\u00e1pidamente sus entrenamientos y mejore la hidrataci\u00f3n! CR7 Drive es una bebida deportiva contempor\u00e1nea, sin sabores ni edulcorantes artificiales. Tiene un sabor ligero y est\u00e1 formulada para proporcionar tres componentes necesarios para el rendimiento: hidrataci\u00f3n mejorada, vitamina B12 que favorece el metabolismo y energ\u00eda.<\/div>\n<div>\n<table style=\"border-collapse: collapse; width: 243.62pt;\" border=\"0\" width=\"406\" cellspacing=\"0\" cellpadding=\"0\">\n<tbody>\n<tr style=\"height: 14.40pt;\">\n<td class=\"et2\" style=\"height: 14.40pt; width: 243.75pt;\" width=\"406\" height=\"24\"><strong>Herbalife24\u00ae CR7 Drive<\/strong><\/td>\n<\/tr>\n<tr style=\"height: 14.40pt;\">\n<td class=\"et3\" style=\"height: 14.40pt;\" height=\"24\"><strong>Herbalife24\u00ae CR7 Drive baya de acai 29 Oz<\/strong><\/td>\n<\/tr>\n<tr style=\"height: 14.40pt;\">\n<td class=\"et3\" style=\"height: 14.40pt;\" height=\"24\"><strong>Herbalife24\u00ae CR7 Drive acai berry 15 paquetes<\/strong><\/td>\n<\/tr>\n<\/tbody>\n<\/table>\n<\/div>\n<\/article>\n<\/div>","protected":false},"featured_media":403,"comment_status":"open","ping_status":"closed","template":"","meta":{"site-sidebar-layout":"no-sidebar","site-content-layout":"","ast-site-content-layout":"default","site-content-style":"unboxed","site-sidebar-style":"unboxed","ast-global-header-display":"","ast-banner-title-visibility":"","ast-main-header-display":"","ast-hfb-above-header-display":"","ast-hfb-below-header-display":"","ast-hfb-mobile-header-display":"","site-post-title":"","ast-breadcrumbs-content":"","ast-featured-img":"","footer-sml-layout":"","ast-disable-related-posts":"","theme-transparent-header-meta":"default","adv-header-id-meta":"","stick-header-meta":"","header-above-stick-meta":"","header-main-stick-meta":"","header-below-stick-meta":"","astra-migrate-meta-layouts":"set","ast-page-background-enabled":"default","ast-page-background-meta":{"desktop":{"background-color":"var(--ast-global-color-4)","background-image":"","background-repeat":"repeat","background-position":"center center","background-size":"auto","background-attachment":"scroll","background-type":"","background-media":"","overlay-type":"","overlay-color":"","overlay-opacity":"","overlay-gradient":""},"tablet":{"background-color":"","background-image":"","background-repeat":"repeat","background-position":"center center","background-size":"auto","background-attachment":"scroll","background-type":"","background-media":"","overlay-type":"","overlay-color":"","overlay-opacity":"","overlay-gradient":""},"mobile":{"background-color":"","background-image":"","background-repeat":"repeat","background-position":"center center","background-size":"auto","background-attachment":"scroll","background-type":"","background-media":"","overlay-type":"","overlay-color":"","overlay-opacity":"","overlay-gradient":""}},"ast-content-background-meta":{"desktop":{"background-color":"var(--ast-global-color-5)","background-image":"","background-repeat":"repeat","background-position":"center center","background-size":"auto","background-attachment":"scroll","background-type":"","background-media":"","overlay-type":"","overlay-color":"","overlay-opacity":"","overlay-gradient":""},"tablet":{"background-color":"var(--ast-global-color-5)","background-image":"","background-repeat":"repeat","background-position":"center center","background-size":"auto","background-attachment":"scroll","background-type":"","background-media":"","overlay-type":"","overlay-color":"","overlay-opacity":"","overlay-gradient":""},"mobile":{"background-color":"var(--ast-global-color-5)","background-image":"","background-repeat":"repeat","background-position":"center center","background-size":"auto","background-attachment":"scroll","background-type":"","background-media":"","overlay-type":"","overlay-color":"","overlay-opacity":"","overlay-gradient":""}}},"product_brand":[],"product_cat":[17],"product_tag":[39,19,47],"class_list":{"0":"post-401","1":"product","2":"type-product","3":"status-publish","4":"has-post-thumbnail","6":"product_cat-protein","7":"product_tag-cr7","8":"product_tag-herbalife","9":"product_tag-teadrinks","10":"desktop-align-left","11":"tablet-align-left","12":"mobile-align-left","14":"first","15":"instock","16":"shipping-taxable","17":"product-type-external"},"_links":{"self":[{"href":"https:\/\/shopfithealthy.com\/es\/wp-json\/wp\/v2\/product\/401","targetHints":{"allow":["GET"]}}],"collection":[{"href":"https:\/\/shopfithealthy.com\/es\/wp-json\/wp\/v2\/product"}],"about":[{"href":"https:\/\/shopfithealthy.com\/es\/wp-json\/wp\/v2\/types\/product"}],"replies":[{"embeddable":true,"href":"https:\/\/shopfithealthy.com\/es\/wp-json\/wp\/v2\/comments?post=401"}],"wp:featuredmedia":[{"embeddable":true,"href":"https:\/\/shopfithealthy.com\/es\/wp-json\/wp\/v2\/media\/403"}],"wp:attachment":[{"href":"https:\/\/shopfithealthy.com\/es\/wp-json\/wp\/v2\/media?parent=401"}],"wp:term":[{"taxonomy":"product_brand","embeddable":true,"href":"https:\/\/shopfithealthy.com\/es\/wp-json\/wp\/v2\/product_brand?post=401"},{"taxonomy":"product_cat","embeddable":true,"href":"https:\/\/shopfithealthy.com\/es\/wp-json\/wp\/v2\/product_cat?post=401"},{"taxonomy":"product_tag","embeddable":true,"href":"https:\/\/shopfithealthy.com\/es\/wp-json\/wp\/v2\/product_tag?post=401"}],"curies":[{"name":"wp","href":"https:\/\/api.w.org\/{rel}","templated":true}]}}