{"id":397,"date":"2024-07-05T22:49:50","date_gmt":"2024-07-05T22:49:50","guid":{"rendered":"https:\/\/shopfithealthy.com\/?post_type=product&#038;p=397"},"modified":"2024-09-05T22:43:55","modified_gmt":"2024-09-05T22:43:55","slug":"h%c2%b3o-fitness-drink","status":"publish","type":"product","link":"https:\/\/shopfithealthy.com\/es\/producto\/h%c2%b3o-fitness-drink\/","title":{"rendered":"H\u00b3O\u00ae Fitness Drink"},"content":{"rendered":"<h5>Principales ventajas<\/h5>\n<div class=\"disc\">\n<ul>\n<li>Electrolitos esenciales como el potasio, el sodio y el magnesio favorecen una r\u00e1pida hidrataci\u00f3n y reponen los electrolitos perdidos en el sudor.<\/li>\n<li>Mezcla de carbohidratos para una energ\u00eda inmediata<\/li>\n<li>Excelente fuente de vitaminas C y E para neutralizar los radicales libres<\/li>\n<li>Sacia la sed y repone los l\u00edquidos perdidos<\/li>\n<\/ul>\n<\/div>\n<h5>Datos principales<\/h5>\n<div class=\"disc\">\n<ul>\n<li>Los hidratos de carbono, junto con el sodio, aceleran la absorci\u00f3n de agua por el organismo.<\/li>\n<li>Un adulto medio pierde entre 3 y 6 litros de agua al d\u00eda.<\/li>\n<li>Un adulto medio pierde m\u00e1s de 1.000 mg de electrolitos en un litro de sudor.<\/li>\n<li>Una persona activa puede perder entre 1 y 2 litros de agua por hora cuando hace ejercicio.<\/li>\n<li>Mantener el equilibrio adecuado de electrolitos contribuye a los procesos normales del organismo.<\/li>\n<\/ul>\n<\/div>\n<h5>\u00bfC\u00f3mo Tomar?<\/h5>\n<div class=\"disc\">\n<p>Mezcle dos cucharadas rasas de polvo con 8 onzas l\u00edquidas de agua. Para un sabor m\u00e1s ligero, simplemente a\u00f1ada m\u00e1s agua hasta el nivel deseado de dulzor. Agitar o remover y disfrutar.<\/p>\n<p><strong>H\u00b3O\u00ae Fitness Drink : Naranja 10.6 Oz<\/strong><\/p>\n<\/div>","protected":false},"excerpt":{"rendered":"<h3 id=\"info-toggle\" class=\"info-toggle\">Productos<\/h3>\n<div class=\"info-content info-toggle-content\">\n<article>\n<div class=\"overview\">\n<p>H\u00b3O<sup><small>\u00ae<\/small><\/sup>\u00a0Fitness Drink proporciona hidrataci\u00f3n r\u00e1pida, energ\u00eda inmediata y Vitaminas C y E de apoyo antioxidante para optimizar su entrenamiento. Beba H\u00b3O durante la actividad f\u00edsica para mantener su cuerpo correctamente hidratado y con energ\u00eda.<\/p>\n<table style=\"border-collapse: collapse; width: 243.62pt;\" border=\"0\" width=\"406\" cellspacing=\"0\" cellpadding=\"0\">\n<tbody>\n<tr style=\"height: 14.40pt;\">\n<td class=\"et2\" style=\"height: 14.40pt; width: 243.75pt;\" width=\"406\" height=\"24\">H\u00b3O\u00ae Fitness Drink<\/td>\n<\/tr>\n<tr style=\"height: 14.40pt;\">\n<td style=\"height: 14.40pt;\" height=\"24\">Naranjada 10.6 Oz<\/td>\n<\/tr>\n<\/tbody>\n<\/table>\n<\/div>\n<\/article>\n<\/div>","protected":false},"featured_media":398,"comment_status":"open","ping_status":"closed","template":"","meta":{"site-sidebar-layout":"no-sidebar","site-content-layout":"","ast-site-content-layout":"default","site-content-style":"unboxed","site-sidebar-style":"unboxed","ast-global-header-display":"","ast-banner-title-visibility":"","ast-main-header-display":"","ast-hfb-above-header-display":"","ast-hfb-below-header-display":"","ast-hfb-mobile-header-display":"","site-post-title":"","ast-breadcrumbs-content":"","ast-featured-img":"","footer-sml-layout":"","ast-disable-related-posts":"","theme-transparent-header-meta":"default","adv-header-id-meta":"","stick-header-meta":"","header-above-stick-meta":"","header-main-stick-meta":"","header-below-stick-meta":"","astra-migrate-meta-layouts":"set","ast-page-background-enabled":"default","ast-page-background-meta":{"desktop":{"background-color":"var(--ast-global-color-4)","background-image":"","background-repeat":"repeat","background-position":"center center","background-size":"auto","background-attachment":"scroll","background-type":"","background-media":"","overlay-type":"","overlay-color":"","overlay-opacity":"","overlay-gradient":""},"tablet":{"background-color":"","background-image":"","background-repeat":"repeat","background-position":"center center","background-size":"auto","background-attachment":"scroll","background-type":"","background-media":"","overlay-type":"","overlay-color":"","overlay-opacity":"","overlay-gradient":""},"mobile":{"background-color":"","background-image":"","background-repeat":"repeat","background-position":"center center","background-size":"auto","background-attachment":"scroll","background-type":"","background-media":"","overlay-type":"","overlay-color":"","overlay-opacity":"","overlay-gradient":""}},"ast-content-background-meta":{"desktop":{"background-color":"var(--ast-global-color-5)","background-image":"","background-repeat":"repeat","background-position":"center center","background-size":"auto","background-attachment":"scroll","background-type":"","background-media":"","overlay-type":"","overlay-color":"","overlay-opacity":"","overlay-gradient":""},"tablet":{"background-color":"var(--ast-global-color-5)","background-image":"","background-repeat":"repeat","background-position":"center center","background-size":"auto","background-attachment":"scroll","background-type":"","background-media":"","overlay-type":"","overlay-color":"","overlay-opacity":"","overlay-gradient":""},"mobile":{"background-color":"var(--ast-global-color-5)","background-image":"","background-repeat":"repeat","background-position":"center center","background-size":"auto","background-attachment":"scroll","background-type":"","background-media":"","overlay-type":"","overlay-color":"","overlay-opacity":"","overlay-gradient":""}}},"product_brand":[],"product_cat":[17],"product_tag":[19,49,25],"class_list":{"0":"post-397","1":"product","2":"type-product","3":"status-publish","4":"has-post-thumbnail","6":"product_cat-protein","7":"product_tag-herbalife","8":"product_tag-supplements","9":"product_tag-vitamin","10":"desktop-align-left","11":"tablet-align-left","12":"mobile-align-left","14":"first","15":"instock","16":"shipping-taxable","17":"product-type-external"},"_links":{"self":[{"href":"https:\/\/shopfithealthy.com\/es\/wp-json\/wp\/v2\/product\/397","targetHints":{"allow":["GET"]}}],"collection":[{"href":"https:\/\/shopfithealthy.com\/es\/wp-json\/wp\/v2\/product"}],"about":[{"href":"https:\/\/shopfithealthy.com\/es\/wp-json\/wp\/v2\/types\/product"}],"replies":[{"embeddable":true,"href":"https:\/\/shopfithealthy.com\/es\/wp-json\/wp\/v2\/comments?post=397"}],"wp:featuredmedia":[{"embeddable":true,"href":"https:\/\/shopfithealthy.com\/es\/wp-json\/wp\/v2\/media\/398"}],"wp:attachment":[{"href":"https:\/\/shopfithealthy.com\/es\/wp-json\/wp\/v2\/media?parent=397"}],"wp:term":[{"taxonomy":"product_brand","embeddable":true,"href":"https:\/\/shopfithealthy.com\/es\/wp-json\/wp\/v2\/product_brand?post=397"},{"taxonomy":"product_cat","embeddable":true,"href":"https:\/\/shopfithealthy.com\/es\/wp-json\/wp\/v2\/product_cat?post=397"},{"taxonomy":"product_tag","embeddable":true,"href":"https:\/\/shopfithealthy.com\/es\/wp-json\/wp\/v2\/product_tag?post=397"}],"curies":[{"name":"wp","href":"https:\/\/api.w.org\/{rel}","templated":true}]}}