{"id":394,"date":"2024-07-05T22:47:58","date_gmt":"2024-07-05T22:47:58","guid":{"rendered":"https:\/\/shopfithealthy.com\/?post_type=product&#038;p=394"},"modified":"2024-09-03T22:37:05","modified_gmt":"2024-09-03T22:37:05","slug":"core-complex","status":"publish","type":"product","link":"https:\/\/shopfithealthy.com\/es\/producto\/core-complex\/","title":{"rendered":"Core Complex"},"content":{"rendered":"<h5>Principales ventajas<\/h5>\n<div class=\"disc\">\n<ul>\n<li>Herbalifeline<sup><small>\u00ae<\/small><\/sup>\u00a0es una mezcla especialmente formulada de l\u00edpidos marinos altamente refinados con \u00e1cidos grasos omega-3 de alta calidad, \u00e1cido eicosapentaenoico (EPA) y \u00e1cido docosahexaenoico (DHA), que ayudan a mantener los niveles de colesterol y triglic\u00e9ridos ya dentro de un rango normal.* Tomar DHA con regularidad tambi\u00e9n ayuda a mantener la funci\u00f3n cerebral y la visi\u00f3n normales.<\/li>\n<li>Tri-Shield<sup><small>\u00ae<\/small><\/sup>\u00a0es una mezcla patentada formulada con \u00e1cidos grasos omega-3 procedentes del aceite de krill Neptune (NKO)<sup><small>\u00ae\u2020<\/small><\/sup>para favorecer la salud cardiovascular.*<\/li>\n<li>CoQ10 Plus est\u00e1 especialmente formulado con coenzima Q10 y vitamina D. La CoQ10 proporciona energ\u00eda a las c\u00e9lulas cardiacas, ayuda al m\u00fasculo cardiaco y protege las c\u00e9lulas de los efectos da\u00f1inos causados por el estr\u00e9s oxidativo.<\/li>\n<li>Los esteroles vegetales ayudan a mantener unos niveles saludables de colesterol que ya se encuentran dentro de los valores normales.* Las vitaminas del grupo B ayudan a mantener unos niveles saludables de homociste\u00edna que ya se encuentran dentro de los valores normales.*<\/li>\n<\/ul>\n<\/div>\n<h5>\u00bfC\u00f3mo Tomar?<\/h5>\n<div class=\"disc\">\n<ul>\n<li>Tomar un sobre al d\u00eda con una comida y reservar dos c\u00e1psulas blandas de esteroles vegetales para consumirlas con una comida posterior.<\/li>\n<li>Cada paquete contiene dos c\u00e1psulas blandas marrones de esteroles vegetales (s\u00f3lo disponibles en Core Complex) y vitaminas del grupo B, una c\u00e1psula blanda de CoQ10 Plus de color nectarina, una c\u00e1psula blanda de Tri-Shield de color burdeos<sup><small>\u00ae<\/small><\/sup>\u00a0softgel with Neptune Krill Oil (NKO<sup><small>\u00ae\u2020<\/small><\/sup>), and two gold Herbalifeline<sup><small>\u00ae<\/small><\/sup>\u00a0fish oil softgels with omega-3 fatty acids<\/li>\n<\/ul>\n<p><small><br \/>\n<sup>\u2020<\/sup>NKO<sup><small>\u00ae<\/small><\/sup>\u00a0es una marca registrada de Neptune Technologies and Bioressources, Inc, Quebec, Canad\u00e1.<\/small><\/p>\n<\/div>\n<div class=\"disc\"><small>*Estas afirmaciones no han sido evaluadas por la Food and Drug Administration. Este producto no est\u00e1 destinado a diagnosticar, tratar, curar o prevenir ninguna enfermedad.<\/small><\/div>","protected":false},"excerpt":{"rendered":"<h3 id=\"info-toggle\" class=\"info-toggle\">Productos<\/h3>\n<div class=\"info-content info-toggle-content\">\n<article>\n<div class=\"overview\">\n<p>Se centra en cuatro aspectos clave de su salud cardiovascular: colesterol, triglic\u00e9ridos, homociste\u00edna y estr\u00e9s oxidativo.* Core Complex es un suplemento diet\u00e9tico que incluye Herbalifeline<sup><small>\u00ae<\/small><\/sup>, Tri-Shield<sup><small>\u00ae<\/small><\/sup>CoQ10 Plus y esteroles vegetales en c\u00f3modos sobres de tama\u00f1o diario.<\/p>\n<\/div>\n<\/article>\n<\/div>","protected":false},"featured_media":395,"comment_status":"open","ping_status":"closed","template":"","meta":{"site-sidebar-layout":"no-sidebar","site-content-layout":"","ast-site-content-layout":"default","site-content-style":"unboxed","site-sidebar-style":"unboxed","ast-global-header-display":"","ast-banner-title-visibility":"","ast-main-header-display":"","ast-hfb-above-header-display":"","ast-hfb-below-header-display":"","ast-hfb-mobile-header-display":"","site-post-title":"","ast-breadcrumbs-content":"","ast-featured-img":"","footer-sml-layout":"","ast-disable-related-posts":"","theme-transparent-header-meta":"default","adv-header-id-meta":"","stick-header-meta":"","header-above-stick-meta":"","header-main-stick-meta":"","header-below-stick-meta":"","astra-migrate-meta-layouts":"set","ast-page-background-enabled":"default","ast-page-background-meta":{"desktop":{"background-color":"var(--ast-global-color-4)","background-image":"","background-repeat":"repeat","background-position":"center center","background-size":"auto","background-attachment":"scroll","background-type":"","background-media":"","overlay-type":"","overlay-color":"","overlay-opacity":"","overlay-gradient":""},"tablet":{"background-color":"","background-image":"","background-repeat":"repeat","background-position":"center center","background-size":"auto","background-attachment":"scroll","background-type":"","background-media":"","overlay-type":"","overlay-color":"","overlay-opacity":"","overlay-gradient":""},"mobile":{"background-color":"","background-image":"","background-repeat":"repeat","background-position":"center center","background-size":"auto","background-attachment":"scroll","background-type":"","background-media":"","overlay-type":"","overlay-color":"","overlay-opacity":"","overlay-gradient":""}},"ast-content-background-meta":{"desktop":{"background-color":"var(--ast-global-color-5)","background-image":"","background-repeat":"repeat","background-position":"center center","background-size":"auto","background-attachment":"scroll","background-type":"","background-media":"","overlay-type":"","overlay-color":"","overlay-opacity":"","overlay-gradient":""},"tablet":{"background-color":"var(--ast-global-color-5)","background-image":"","background-repeat":"repeat","background-position":"center center","background-size":"auto","background-attachment":"scroll","background-type":"","background-media":"","overlay-type":"","overlay-color":"","overlay-opacity":"","overlay-gradient":""},"mobile":{"background-color":"var(--ast-global-color-5)","background-image":"","background-repeat":"repeat","background-position":"center center","background-size":"auto","background-attachment":"scroll","background-type":"","background-media":"","overlay-type":"","overlay-color":"","overlay-opacity":"","overlay-gradient":""}}},"product_brand":[],"product_cat":[23],"product_tag":[19,49,45],"class_list":{"0":"post-394","1":"product","2":"type-product","3":"status-publish","4":"has-post-thumbnail","6":"product_cat-stimulates-metabolism","7":"product_tag-herbalife","8":"product_tag-supplements","9":"product_tag-vitamins","10":"desktop-align-left","11":"tablet-align-left","12":"mobile-align-left","14":"first","15":"instock","16":"shipping-taxable","17":"product-type-external"},"_links":{"self":[{"href":"https:\/\/shopfithealthy.com\/es\/wp-json\/wp\/v2\/product\/394","targetHints":{"allow":["GET"]}}],"collection":[{"href":"https:\/\/shopfithealthy.com\/es\/wp-json\/wp\/v2\/product"}],"about":[{"href":"https:\/\/shopfithealthy.com\/es\/wp-json\/wp\/v2\/types\/product"}],"replies":[{"embeddable":true,"href":"https:\/\/shopfithealthy.com\/es\/wp-json\/wp\/v2\/comments?post=394"}],"wp:featuredmedia":[{"embeddable":true,"href":"https:\/\/shopfithealthy.com\/es\/wp-json\/wp\/v2\/media\/395"}],"wp:attachment":[{"href":"https:\/\/shopfithealthy.com\/es\/wp-json\/wp\/v2\/media?parent=394"}],"wp:term":[{"taxonomy":"product_brand","embeddable":true,"href":"https:\/\/shopfithealthy.com\/es\/wp-json\/wp\/v2\/product_brand?post=394"},{"taxonomy":"product_cat","embeddable":true,"href":"https:\/\/shopfithealthy.com\/es\/wp-json\/wp\/v2\/product_cat?post=394"},{"taxonomy":"product_tag","embeddable":true,"href":"https:\/\/shopfithealthy.com\/es\/wp-json\/wp\/v2\/product_tag?post=394"}],"curies":[{"name":"wp","href":"https:\/\/api.w.org\/{rel}","templated":true}]}}