{"id":388,"date":"2024-07-05T22:42:27","date_gmt":"2024-07-05T22:42:27","guid":{"rendered":"https:\/\/shopfithealthy.com\/?post_type=product&#038;p=388"},"modified":"2024-09-03T22:39:20","modified_gmt":"2024-09-03T22:39:20","slug":"herbalifeline","status":"publish","type":"product","link":"https:\/\/shopfithealthy.com\/es\/producto\/herbalifeline\/","title":{"rendered":"Herbalifeline\u00ae"},"content":{"rendered":"<div class=\"overview\">\n<p><b><i>Herbalifeline<sup>\u00ae<\/sup>\u00a0se est\u00e1 produciendo en una nueva planta de fabricaci\u00f3n. Como resultado, es posible que note que la nueva c\u00e1psula blanda es ligeramente m\u00e1s peque\u00f1a. Tenga en cuenta que la f\u00f3rmula no ha cambiado y seguir\u00e1 recibiendo los mismos beneficios.<\/i><\/b><\/p>\n<\/div>\n<h5>Principales ventajas<\/h5>\n<div class=\"disc\">\n<ul>\n<li>Los \u00e1cidos grasos omega-3 ayudan a mantener niveles saludables de colesterol y triglic\u00e9ridos que ya se encuentran dentro de un rango normal*.<\/li>\n<li>Tomar DHA con regularidad tambi\u00e9n contribuye al funcionamiento normal del cerebro y la vista*.<\/li>\n<li>Las investigaciones, aunque no concluyentes, muestran que el consumo de \u00e1cidos grasos omega-3 EPA y DHA puede reducir el riesgo de cardiopat\u00eda coronaria.<\/li>\n<\/ul>\n<\/div>\n<h5>\u00bfC\u00f3mo Tomar?<\/h5>\n<div class=\"disc\">\n<p>Tomar una c\u00e1psula blanda con una comida dos o tres veces al d\u00eda.<\/p>\n<\/div>","protected":false},"excerpt":{"rendered":"<h3 id=\"info-toggle\" class=\"info-toggle\">Productos<\/h3>\n<div class=\"info-content info-toggle-content\">\n<article>\n<div class=\"overview\">\n<p>Mantenga sano su sistema cardiovascular con Herbalifeline<sup><small>\u00ae<\/small><\/sup>Una mezcla especialmente formulada de l\u00edpidos marinos altamente refinados con \u00e1cidos grasos omega-3 de alta calidad, \u00e1cido eicosapentaenoico (EPA) y \u00e1cido docosahexaenoico (DHA).* Hasta el 30% de su ingesta cal\u00f3rica diaria debe consistir en grasas saludables como los \u00e1cidos grasos omega-3, para ayudar a mantener niveles saludables de colesterol y triglic\u00e9ridos que ya se encuentran dentro de un rango normal.*<\/p>\n<\/div>\n<\/article>\n<\/div>","protected":false},"featured_media":389,"comment_status":"open","ping_status":"closed","template":"","meta":{"site-sidebar-layout":"no-sidebar","site-content-layout":"","ast-site-content-layout":"default","site-content-style":"unboxed","site-sidebar-style":"unboxed","ast-global-header-display":"","ast-banner-title-visibility":"","ast-main-header-display":"","ast-hfb-above-header-display":"","ast-hfb-below-header-display":"","ast-hfb-mobile-header-display":"","site-post-title":"","ast-breadcrumbs-content":"","ast-featured-img":"","footer-sml-layout":"","ast-disable-related-posts":"","theme-transparent-header-meta":"default","adv-header-id-meta":"","stick-header-meta":"","header-above-stick-meta":"","header-main-stick-meta":"","header-below-stick-meta":"","astra-migrate-meta-layouts":"set","ast-page-background-enabled":"default","ast-page-background-meta":{"desktop":{"background-color":"var(--ast-global-color-4)","background-image":"","background-repeat":"repeat","background-position":"center center","background-size":"auto","background-attachment":"scroll","background-type":"","background-media":"","overlay-type":"","overlay-color":"","overlay-opacity":"","overlay-gradient":""},"tablet":{"background-color":"","background-image":"","background-repeat":"repeat","background-position":"center center","background-size":"auto","background-attachment":"scroll","background-type":"","background-media":"","overlay-type":"","overlay-color":"","overlay-opacity":"","overlay-gradient":""},"mobile":{"background-color":"","background-image":"","background-repeat":"repeat","background-position":"center center","background-size":"auto","background-attachment":"scroll","background-type":"","background-media":"","overlay-type":"","overlay-color":"","overlay-opacity":"","overlay-gradient":""}},"ast-content-background-meta":{"desktop":{"background-color":"var(--ast-global-color-5)","background-image":"","background-repeat":"repeat","background-position":"center center","background-size":"auto","background-attachment":"scroll","background-type":"","background-media":"","overlay-type":"","overlay-color":"","overlay-opacity":"","overlay-gradient":""},"tablet":{"background-color":"var(--ast-global-color-5)","background-image":"","background-repeat":"repeat","background-position":"center center","background-size":"auto","background-attachment":"scroll","background-type":"","background-media":"","overlay-type":"","overlay-color":"","overlay-opacity":"","overlay-gradient":""},"mobile":{"background-color":"var(--ast-global-color-5)","background-image":"","background-repeat":"repeat","background-position":"center center","background-size":"auto","background-attachment":"scroll","background-type":"","background-media":"","overlay-type":"","overlay-color":"","overlay-opacity":"","overlay-gradient":""}}},"product_brand":[],"product_cat":[23],"product_tag":[19,36],"class_list":{"0":"post-388","1":"product","2":"type-product","3":"status-publish","4":"has-post-thumbnail","6":"product_cat-stimulates-metabolism","7":"product_tag-herbalife","8":"product_tag-omega-3","9":"desktop-align-left","10":"tablet-align-left","11":"mobile-align-left","13":"first","14":"instock","15":"shipping-taxable","16":"product-type-external"},"_links":{"self":[{"href":"https:\/\/shopfithealthy.com\/es\/wp-json\/wp\/v2\/product\/388","targetHints":{"allow":["GET"]}}],"collection":[{"href":"https:\/\/shopfithealthy.com\/es\/wp-json\/wp\/v2\/product"}],"about":[{"href":"https:\/\/shopfithealthy.com\/es\/wp-json\/wp\/v2\/types\/product"}],"replies":[{"embeddable":true,"href":"https:\/\/shopfithealthy.com\/es\/wp-json\/wp\/v2\/comments?post=388"}],"wp:featuredmedia":[{"embeddable":true,"href":"https:\/\/shopfithealthy.com\/es\/wp-json\/wp\/v2\/media\/389"}],"wp:attachment":[{"href":"https:\/\/shopfithealthy.com\/es\/wp-json\/wp\/v2\/media?parent=388"}],"wp:term":[{"taxonomy":"product_brand","embeddable":true,"href":"https:\/\/shopfithealthy.com\/es\/wp-json\/wp\/v2\/product_brand?post=388"},{"taxonomy":"product_cat","embeddable":true,"href":"https:\/\/shopfithealthy.com\/es\/wp-json\/wp\/v2\/product_cat?post=388"},{"taxonomy":"product_tag","embeddable":true,"href":"https:\/\/shopfithealthy.com\/es\/wp-json\/wp\/v2\/product_tag?post=388"}],"curies":[{"name":"wp","href":"https:\/\/api.w.org\/{rel}","templated":true}]}}