{"id":373,"date":"2024-07-05T22:30:06","date_gmt":"2024-07-05T22:30:06","guid":{"rendered":"https:\/\/shopfithealthy.com\/?post_type=product&#038;p=373"},"modified":"2024-09-03T22:44:19","modified_gmt":"2024-09-03T22:44:19","slug":"herbalife-simply-probiotic","status":"publish","type":"product","link":"https:\/\/shopfithealthy.com\/es\/producto\/herbalife-simply-probiotic\/","title":{"rendered":"Herbalife\u00ae Simply Probiotic"},"content":{"rendered":"<h5>Principales ventajas<\/h5>\n<div class=\"disc\">\n<ul>\n<li>1.000 millones de cultivos probi\u00f3ticos activos por porci\u00f3n<\/li>\n<li>Hasta el 70% de las c\u00e9lulas BC30 sobreviven para colonizar el intestino<sup><small>\u2020<\/small><\/sup><\/li>\n<li>Ayuda a equilibrar las bacterias buenas y malas (mejorando el perfil bacteriano intestinal)<\/li>\n<li>Elaborado con ingredientes no modificados gen\u00e9ticamente<\/li>\n<li>Cero Calor\u00edas<\/li>\n<li>Sin aromas, colorantes, az\u00facares ni edulcorantes a\u00f1adidos<\/li>\n<li>Port\u00e1til, perfecta para llevarla encima<\/li>\n<\/ul>\n<p><small>Basado en un estudio in vitro que simula las condiciones gastrointestinales.<\/small><\/p>\n<\/div>\n<h5>\u00bfC\u00f3mo Tomar?<\/h5>\n<div class=\"disc\">\n<ul>\n<li>No necesita refrigeraci\u00f3n<\/li>\n<li>Se mezcla f\u00e1cilmente con su comida o bebida favorita (caliente, fr\u00eda o congelada)<\/li>\n<li>Mezcle una cucharada (1 g) con 12 onzas de agua o su bebida Herbalife favorita caliente o fr\u00eda.<sup><small>\u00ae<\/small><\/sup>\u00a0shake, tea or aloe drink<\/li>\n<li>Ciertos desequilibrios intestinales pueden asociarse a problemas digestivos ocasionales como molestias abdominales, hinchaz\u00f3n y diarrea. Tomar dos raciones diarias puede ayudar a reducir la aparici\u00f3n de estos incidentes.<sup><small>\u2021<\/small><\/sup><\/li>\n<\/ul>\n<p><small>\u2021Las molestias abdominales, la hinchaz\u00f3n y\/o la diarrea pueden estar asociadas a diversas afecciones m\u00e9dicas. Si estos s\u00edntomas persisten o empeoran, se recomienda consultar al m\u00e9dico.<\/small><\/p>\n<\/div>","protected":false},"excerpt":{"rendered":"<h3 id=\"info-toggle\" class=\"info-toggle\">Productos<\/h3>\n<div class=\"info-content info-toggle-content\">\n<article>\n<div class=\"overview\">\n<p>Simply Probiotic es un probi\u00f3tico diario, respaldado por la ciencia, que proporciona 1.000 millones de cultivos probi\u00f3ticos activos, que favorecen la salud digestiva. Est\u00e1 formulado con un potente Ganeden<b>BC<sup><small>30\u00ae<\/small><\/sup><\/b>* cepa que sobrevive al viaje g\u00e1strico para llegar a donde cuenta, ayud\u00e1ndote a sentirte lo mejor posible cada d\u00eda.<\/p>\n<\/div>\n<\/article>\n<\/div>","protected":false},"featured_media":374,"comment_status":"open","ping_status":"closed","template":"","meta":{"site-sidebar-layout":"no-sidebar","site-content-layout":"","ast-site-content-layout":"default","site-content-style":"unboxed","site-sidebar-style":"unboxed","ast-global-header-display":"","ast-banner-title-visibility":"","ast-main-header-display":"","ast-hfb-above-header-display":"","ast-hfb-below-header-display":"","ast-hfb-mobile-header-display":"","site-post-title":"","ast-breadcrumbs-content":"","ast-featured-img":"","footer-sml-layout":"","ast-disable-related-posts":"","theme-transparent-header-meta":"default","adv-header-id-meta":"","stick-header-meta":"","header-above-stick-meta":"","header-main-stick-meta":"","header-below-stick-meta":"","astra-migrate-meta-layouts":"set","ast-page-background-enabled":"default","ast-page-background-meta":{"desktop":{"background-color":"var(--ast-global-color-4)","background-image":"","background-repeat":"repeat","background-position":"center center","background-size":"auto","background-attachment":"scroll","background-type":"","background-media":"","overlay-type":"","overlay-color":"","overlay-opacity":"","overlay-gradient":""},"tablet":{"background-color":"","background-image":"","background-repeat":"repeat","background-position":"center center","background-size":"auto","background-attachment":"scroll","background-type":"","background-media":"","overlay-type":"","overlay-color":"","overlay-opacity":"","overlay-gradient":""},"mobile":{"background-color":"","background-image":"","background-repeat":"repeat","background-position":"center center","background-size":"auto","background-attachment":"scroll","background-type":"","background-media":"","overlay-type":"","overlay-color":"","overlay-opacity":"","overlay-gradient":""}},"ast-content-background-meta":{"desktop":{"background-color":"var(--ast-global-color-5)","background-image":"","background-repeat":"repeat","background-position":"center center","background-size":"auto","background-attachment":"scroll","background-type":"","background-media":"","overlay-type":"","overlay-color":"","overlay-opacity":"","overlay-gradient":""},"tablet":{"background-color":"var(--ast-global-color-5)","background-image":"","background-repeat":"repeat","background-position":"center center","background-size":"auto","background-attachment":"scroll","background-type":"","background-media":"","overlay-type":"","overlay-color":"","overlay-opacity":"","overlay-gradient":""},"mobile":{"background-color":"var(--ast-global-color-5)","background-image":"","background-repeat":"repeat","background-position":"center center","background-size":"auto","background-attachment":"scroll","background-type":"","background-media":"","overlay-type":"","overlay-color":"","overlay-opacity":"","overlay-gradient":""}}},"product_brand":[],"product_cat":[32],"product_tag":[19,24,31],"class_list":{"0":"post-373","1":"product","2":"type-product","3":"status-publish","4":"has-post-thumbnail","6":"product_cat-digestive-health","7":"product_tag-herbalife","8":"product_tag-metabolism","9":"product_tag-probiotic","10":"desktop-align-left","11":"tablet-align-left","12":"mobile-align-left","14":"first","15":"instock","16":"shipping-taxable","17":"product-type-external"},"_links":{"self":[{"href":"https:\/\/shopfithealthy.com\/es\/wp-json\/wp\/v2\/product\/373","targetHints":{"allow":["GET"]}}],"collection":[{"href":"https:\/\/shopfithealthy.com\/es\/wp-json\/wp\/v2\/product"}],"about":[{"href":"https:\/\/shopfithealthy.com\/es\/wp-json\/wp\/v2\/types\/product"}],"replies":[{"embeddable":true,"href":"https:\/\/shopfithealthy.com\/es\/wp-json\/wp\/v2\/comments?post=373"}],"wp:featuredmedia":[{"embeddable":true,"href":"https:\/\/shopfithealthy.com\/es\/wp-json\/wp\/v2\/media\/374"}],"wp:attachment":[{"href":"https:\/\/shopfithealthy.com\/es\/wp-json\/wp\/v2\/media?parent=373"}],"wp:term":[{"taxonomy":"product_brand","embeddable":true,"href":"https:\/\/shopfithealthy.com\/es\/wp-json\/wp\/v2\/product_brand?post=373"},{"taxonomy":"product_cat","embeddable":true,"href":"https:\/\/shopfithealthy.com\/es\/wp-json\/wp\/v2\/product_cat?post=373"},{"taxonomy":"product_tag","embeddable":true,"href":"https:\/\/shopfithealthy.com\/es\/wp-json\/wp\/v2\/product_tag?post=373"}],"curies":[{"name":"wp","href":"https:\/\/api.w.org\/{rel}","templated":true}]}}