{"id":364,"date":"2024-07-05T22:10:21","date_gmt":"2024-07-05T22:10:21","guid":{"rendered":"https:\/\/shopfithealthy.com\/?post_type=product&#038;p=364"},"modified":"2024-09-03T22:46:04","modified_gmt":"2024-09-03T22:46:04","slug":"formula-3-cell-activator","status":"publish","type":"product","link":"https:\/\/shopfithealthy.com\/es\/producto\/formula-3-cell-activator\/","title":{"rendered":"Formula 3 Cell Activator\u00ae"},"content":{"rendered":"<h5>Principales ventajas<\/h5>\n<div class=\"disc\">\n<ul>\n<li>Formulado con \u00e1cido alfa-lipoico, que ayuda a regenerar la actividad antioxidante<sup>\u2020<\/sup>\u00a0dentro de las c\u00e9lulas;, apoya los productos energ\u00e9ticos mitocondriales normales; y protege las c\u00e9lulas contra el da\u00f1o oxidativo que se acumula durante el envejecimiento*.<\/li>\n<li>Formulado con aloe vera, que puede contribuir a la absorci\u00f3n de micronutrientes por el organismo*.<\/li>\n<\/ul>\n<\/div>\n<h5>\u00bfC\u00f3mo Tomar?<\/h5>\n<div class=\"disc\">\n<ul>\n<li>Tomar una c\u00e1psula con los batidos de F\u00f3rmula 1 o las comidas dos veces al d\u00eda.<\/li>\n<li>Herbalife tambi\u00e9n recomienda su uso con F\u00f3rmula 1 Comida Saludable Mezcla Nutricional para Batidos y F\u00f3rmula 2 Complejo Multivitam\u00ednico para completar el programa Herbalife\u00ae Nutrici\u00f3n Celular B\u00e1sica.<\/li>\n<\/ul>\n<p><small>*Estas afirmaciones no han sido evaluadas por la Food and Drug Administration. Este producto no est\u00e1 destinado a diagnosticar, tratar, curar o prevenir ninguna enfermedad.<\/small><\/p>\n<p><small>\u2020Glutathione and Vitamin C.<\/small><\/p>\n<\/div>","protected":false},"excerpt":{"rendered":"<h3 id=\"info-toggle\" class=\"info-toggle\">Productos<\/h3>\n<div class=\"info-content info-toggle-content\">\n<article>\n<div class=\"overview\">F\u00f3rmula 3 Cell Activator\u00ae proporciona apoyo mitocondrial y de absorci\u00f3n de nutrientes* con \u00e1cido alfa-lipoico. Las mitocondrias son conocidas como la \u00abcentral el\u00e9ctrica\u00bb de la c\u00e9lula y producen energ\u00eda para numerosos procesos biol\u00f3gicos. F\u00f3rmula 3 Cell Activator\u00ae es una gran adici\u00f3n para complementar su r\u00e9gimen diario de nutrici\u00f3n b\u00e1sica.<\/div>\n<\/article>\n<\/div>","protected":false},"featured_media":366,"comment_status":"open","ping_status":"closed","template":"","meta":{"site-sidebar-layout":"no-sidebar","site-content-layout":"","ast-site-content-layout":"default","site-content-style":"unboxed","site-sidebar-style":"unboxed","ast-global-header-display":"","ast-banner-title-visibility":"","ast-main-header-display":"","ast-hfb-above-header-display":"","ast-hfb-below-header-display":"","ast-hfb-mobile-header-display":"","site-post-title":"","ast-breadcrumbs-content":"","ast-featured-img":"","footer-sml-layout":"","ast-disable-related-posts":"","theme-transparent-header-meta":"default","adv-header-id-meta":"","stick-header-meta":"","header-above-stick-meta":"","header-main-stick-meta":"","header-below-stick-meta":"","astra-migrate-meta-layouts":"set","ast-page-background-enabled":"default","ast-page-background-meta":{"desktop":{"background-color":"var(--ast-global-color-4)","background-image":"","background-repeat":"repeat","background-position":"center center","background-size":"auto","background-attachment":"scroll","background-type":"","background-media":"","overlay-type":"","overlay-color":"","overlay-opacity":"","overlay-gradient":""},"tablet":{"background-color":"","background-image":"","background-repeat":"repeat","background-position":"center center","background-size":"auto","background-attachment":"scroll","background-type":"","background-media":"","overlay-type":"","overlay-color":"","overlay-opacity":"","overlay-gradient":""},"mobile":{"background-color":"","background-image":"","background-repeat":"repeat","background-position":"center center","background-size":"auto","background-attachment":"scroll","background-type":"","background-media":"","overlay-type":"","overlay-color":"","overlay-opacity":"","overlay-gradient":""}},"ast-content-background-meta":{"desktop":{"background-color":"var(--ast-global-color-5)","background-image":"","background-repeat":"repeat","background-position":"center center","background-size":"auto","background-attachment":"scroll","background-type":"","background-media":"","overlay-type":"","overlay-color":"","overlay-opacity":"","overlay-gradient":""},"tablet":{"background-color":"var(--ast-global-color-5)","background-image":"","background-repeat":"repeat","background-position":"center center","background-size":"auto","background-attachment":"scroll","background-type":"","background-media":"","overlay-type":"","overlay-color":"","overlay-opacity":"","overlay-gradient":""},"mobile":{"background-color":"var(--ast-global-color-5)","background-image":"","background-repeat":"repeat","background-position":"center center","background-size":"auto","background-attachment":"scroll","background-type":"","background-media":"","overlay-type":"","overlay-color":"","overlay-opacity":"","overlay-gradient":""}}},"product_brand":[],"product_cat":[54,34],"product_tag":[27,19,49,45],"class_list":{"0":"post-364","1":"product","2":"type-product","3":"status-publish","4":"has-post-thumbnail","6":"product_cat-the-best","7":"product_cat-active-fiber","8":"product_tag-cell-activator","9":"product_tag-herbalife","10":"product_tag-supplements","11":"product_tag-vitamins","12":"desktop-align-left","13":"tablet-align-left","14":"mobile-align-left","16":"first","17":"instock","18":"shipping-taxable","19":"product-type-external"},"_links":{"self":[{"href":"https:\/\/shopfithealthy.com\/es\/wp-json\/wp\/v2\/product\/364","targetHints":{"allow":["GET"]}}],"collection":[{"href":"https:\/\/shopfithealthy.com\/es\/wp-json\/wp\/v2\/product"}],"about":[{"href":"https:\/\/shopfithealthy.com\/es\/wp-json\/wp\/v2\/types\/product"}],"replies":[{"embeddable":true,"href":"https:\/\/shopfithealthy.com\/es\/wp-json\/wp\/v2\/comments?post=364"}],"wp:featuredmedia":[{"embeddable":true,"href":"https:\/\/shopfithealthy.com\/es\/wp-json\/wp\/v2\/media\/366"}],"wp:attachment":[{"href":"https:\/\/shopfithealthy.com\/es\/wp-json\/wp\/v2\/media?parent=364"}],"wp:term":[{"taxonomy":"product_brand","embeddable":true,"href":"https:\/\/shopfithealthy.com\/es\/wp-json\/wp\/v2\/product_brand?post=364"},{"taxonomy":"product_cat","embeddable":true,"href":"https:\/\/shopfithealthy.com\/es\/wp-json\/wp\/v2\/product_cat?post=364"},{"taxonomy":"product_tag","embeddable":true,"href":"https:\/\/shopfithealthy.com\/es\/wp-json\/wp\/v2\/product_tag?post=364"}],"curies":[{"name":"wp","href":"https:\/\/api.w.org\/{rel}","templated":true}]}}