{"id":352,"date":"2024-07-05T21:46:15","date_gmt":"2024-07-05T21:46:15","guid":{"rendered":"https:\/\/shopfithealthy.com\/?post_type=product&#038;p=352"},"modified":"2024-09-03T22:24:14","modified_gmt":"2024-09-03T22:24:14","slug":"352","status":"publish","type":"product","link":"https:\/\/shopfithealthy.com\/es\/producto\/352\/","title":{"rendered":"Fat Release"},"content":{"rendered":"<h5>Principales ventajas<\/h5>\n<div class=\"disc\">\n<ul>\n<li>Reduce la absorci\u00f3n de una parte de las calor\u00edas de las grasas cuando se toma con una comida que contiene grasas*.<\/li>\n<li>Aumenta la cantidad de grasa alimentaria eliminada del organismo*.<\/li>\n<li>Formulado con Litramina<sup>\u00ae<\/sup>\u00a0favorecer la sensaci\u00f3n de saciedad*.<\/li>\n<li>No est\u00e1 formulado con cafe\u00edna, estimulantes, potenciadores metab\u00f3licos sint\u00e9ticos ni sustancias qu\u00edmicas bloqueadoras de la grasa que alteren el metabolismo normal del cuerpo sano.<\/li>\n<li>C\u00f3modas porciones individuales<\/li>\n<\/ul>\n<\/div>\n<h5>Datos principales<\/h5>\n<div class=\"disc\">\n<ul>\n<li>Litramine<sup>\u00ae<\/sup>\u00a0es una marca registrada del grupo de empresas InQpharm.<\/li>\n<\/ul>\n<\/div>\n<h5>\u00bfC\u00f3mo Tomar?<\/h5>\n<div class=\"disc\">\n<ul>\n<li>Tome un stick (2,6 g) de Fat Release una vez despu\u00e9s de cada comida o tentempi\u00e9 que contenga grasa no deseada, hasta tres veces al d\u00eda. Si desea digerir el contenido graso de una comida, como los \u00e1cidos grasos omega-3, espere dos horas antes de tomar Fat Release.<\/li>\n<li>Combine un stick pack con una porci\u00f3n de Herbal Tea Concentrate, una porci\u00f3n de Herbal Aloe Concentrate, 8 fl. oz. de agua caliente o fr\u00eda o vierta lentamente el polvo en su boca directamente del stick pack, sin necesidad de agua.<\/li>\n<li>Espere dos horas despu\u00e9s de tomar Fat Release para consumir estos Herbalife Nutrition<sup>\u00ae<\/sup>\u00a0productos: Protein Drink Mix, CoQ10 Plus, Core Complex, Herbalife SKIN<sup>\u00ae<\/sup>\u00a0LycoGlow<sup>\u00ae<\/sup>, Formula 1, Herbalifeline<sup>\u00ae<\/sup>, Tri-Shield<sup>\u00ae<\/sup>\u00a0and Prolessa<sup>\u00ae<\/sup>\u00a0Duo<\/li>\n<\/ul>\n<\/div>\n<div class=\"disc\"><small>*Estas afirmaciones no han sido evaluadas por la Food and Drug Administration. Este producto no est\u00e1 destinado a diagnosticar, tratar, curar o prevenir ninguna enfermedad.<\/small><\/div>","protected":false},"excerpt":{"rendered":"<h3 id=\"info-toggle\" class=\"info-toggle\">Productos<\/h3>\n<div class=\"info-content info-toggle-content\">\n<article>\n<div class=\"overview\">\n<p>\u00a1Mant\u00e9ngase en la senda de sus objetivos de estilo de vida saludable con Fat Release!<\/p>\n<p>Fat Release est\u00e1 especialmente formulado con Litramine<sup>\u00ae<\/sup>un ingrediente patentado de fibra de cactus derivado del higo chumbo. Cuando se ingiere con alimentos que contienen grasas, Litramine<sup>\u00ae<\/sup>\u00a0forma un complejo grasa-fibra con una parte de las grasas de los alimentos. El complejo grasa-fibra no puede digerirse ni absorberse y se elimina de forma natural del organismo. Litramina<sup>\u00ae<\/sup>\u00a0tambi\u00e9n reduce la absorci\u00f3n de una parte de las calor\u00edas de las grasas cuando se toma con una comida que contiene grasas y favorece la sensaci\u00f3n de saciedad*.<\/p>\n<\/div>\n<\/article>\n<\/div>","protected":false},"featured_media":353,"comment_status":"open","ping_status":"closed","template":"","meta":{"site-sidebar-layout":"no-sidebar","site-content-layout":"","ast-site-content-layout":"default","site-content-style":"unboxed","site-sidebar-style":"unboxed","ast-global-header-display":"","ast-banner-title-visibility":"","ast-main-header-display":"","ast-hfb-above-header-display":"","ast-hfb-below-header-display":"","ast-hfb-mobile-header-display":"","site-post-title":"","ast-breadcrumbs-content":"","ast-featured-img":"","footer-sml-layout":"","ast-disable-related-posts":"","theme-transparent-header-meta":"default","adv-header-id-meta":"","stick-header-meta":"","header-above-stick-meta":"","header-main-stick-meta":"","header-below-stick-meta":"","astra-migrate-meta-layouts":"set","ast-page-background-enabled":"default","ast-page-background-meta":{"desktop":{"background-color":"var(--ast-global-color-4)","background-image":"","background-repeat":"repeat","background-position":"center center","background-size":"auto","background-attachment":"scroll","background-type":"","background-media":"","overlay-type":"","overlay-color":"","overlay-opacity":"","overlay-gradient":""},"tablet":{"background-color":"","background-image":"","background-repeat":"repeat","background-position":"center center","background-size":"auto","background-attachment":"scroll","background-type":"","background-media":"","overlay-type":"","overlay-color":"","overlay-opacity":"","overlay-gradient":""},"mobile":{"background-color":"","background-image":"","background-repeat":"repeat","background-position":"center center","background-size":"auto","background-attachment":"scroll","background-type":"","background-media":"","overlay-type":"","overlay-color":"","overlay-opacity":"","overlay-gradient":""}},"ast-content-background-meta":{"desktop":{"background-color":"var(--ast-global-color-5)","background-image":"","background-repeat":"repeat","background-position":"center center","background-size":"auto","background-attachment":"scroll","background-type":"","background-media":"","overlay-type":"","overlay-color":"","overlay-opacity":"","overlay-gradient":""},"tablet":{"background-color":"var(--ast-global-color-5)","background-image":"","background-repeat":"repeat","background-position":"center center","background-size":"auto","background-attachment":"scroll","background-type":"","background-media":"","overlay-type":"","overlay-color":"","overlay-opacity":"","overlay-gradient":""},"mobile":{"background-color":"var(--ast-global-color-5)","background-image":"","background-repeat":"repeat","background-position":"center center","background-size":"auto","background-attachment":"scroll","background-type":"","background-media":"","overlay-type":"","overlay-color":"","overlay-opacity":"","overlay-gradient":""}}},"product_brand":[],"product_cat":[34],"product_tag":[19,49,45],"class_list":{"0":"post-352","1":"product","2":"type-product","3":"status-publish","4":"has-post-thumbnail","6":"product_cat-active-fiber","7":"product_tag-herbalife","8":"product_tag-supplements","9":"product_tag-vitamins","10":"desktop-align-left","11":"tablet-align-left","12":"mobile-align-left","14":"first","15":"instock","16":"shipping-taxable","17":"product-type-external"},"_links":{"self":[{"href":"https:\/\/shopfithealthy.com\/es\/wp-json\/wp\/v2\/product\/352","targetHints":{"allow":["GET"]}}],"collection":[{"href":"https:\/\/shopfithealthy.com\/es\/wp-json\/wp\/v2\/product"}],"about":[{"href":"https:\/\/shopfithealthy.com\/es\/wp-json\/wp\/v2\/types\/product"}],"replies":[{"embeddable":true,"href":"https:\/\/shopfithealthy.com\/es\/wp-json\/wp\/v2\/comments?post=352"}],"wp:featuredmedia":[{"embeddable":true,"href":"https:\/\/shopfithealthy.com\/es\/wp-json\/wp\/v2\/media\/353"}],"wp:attachment":[{"href":"https:\/\/shopfithealthy.com\/es\/wp-json\/wp\/v2\/media?parent=352"}],"wp:term":[{"taxonomy":"product_brand","embeddable":true,"href":"https:\/\/shopfithealthy.com\/es\/wp-json\/wp\/v2\/product_brand?post=352"},{"taxonomy":"product_cat","embeddable":true,"href":"https:\/\/shopfithealthy.com\/es\/wp-json\/wp\/v2\/product_cat?post=352"},{"taxonomy":"product_tag","embeddable":true,"href":"https:\/\/shopfithealthy.com\/es\/wp-json\/wp\/v2\/product_tag?post=352"}],"curies":[{"name":"wp","href":"https:\/\/api.w.org\/{rel}","templated":true}]}}