{"id":338,"date":"2024-07-05T21:18:02","date_gmt":"2024-07-05T21:18:02","guid":{"rendered":"https:\/\/shopfithealthy.com\/?post_type=product&#038;p=338"},"modified":"2024-09-03T22:16:34","modified_gmt":"2024-09-03T22:16:34","slug":"total-control","status":"publish","type":"product","link":"https:\/\/shopfithealthy.com\/es\/producto\/total-control\/","title":{"rendered":"Total Control\u00ae"},"content":{"rendered":"<h5>Principales ventajas<\/h5>\n<div class=\"disc\">\n<ul>\n<li>82 mg de cafe\u00edna por comprimido<\/li>\n<li>Quickly stimulates metabolism*<\/li>\n<li>Aumenta el estado de alerta*<\/li>\n<li>Proporciona una sensaci\u00f3n energ\u00e9tica*<\/li>\n<li>La mezcla patentada de t\u00e9s verde, negro y oolong brinda apoyo antioxidante*<\/li>\n<li>Certificada kosher<\/li>\n<\/ul>\n<\/div>\n<h5>\u00bfC\u00f3mo Tomar?<\/h5>\n<div class=\"disc\">\n<ul>\n<li>Tome una tableta tres veces al d\u00eda.<\/li>\n<\/ul>\n<p><small>*Estas afirmaciones no han sido evaluadas por la Food and Drug Administration. Este producto no est\u00e1 destinado a diagnosticar, tratar, curar o prevenir ninguna enfermedad.<\/small><\/p>\n<\/div>","protected":false},"excerpt":{"rendered":"<h3 id=\"info-toggle\" class=\"info-toggle\">Productos<\/h3>\n<div class=\"info-content info-toggle-content\">\n<article>\n<div class=\"overview\">Estimule r\u00e1pidamente su metabolismo mientras se siente en\u00e9rgico y alerta* con la combinaci\u00f3n patentada de extractos de t\u00e9 y cafe\u00edna que se encuentra en Total Control<sup>\u00ae<\/sup>Elija entre un frasco de 90 tabletas o una caja de 20 paquetes convenientes de tres tabletas para apoyar su control de peso mientras viaja.<\/div>\n<\/article>\n<\/div>","protected":false},"featured_media":341,"comment_status":"open","ping_status":"closed","template":"","meta":{"site-sidebar-layout":"no-sidebar","site-content-layout":"","ast-site-content-layout":"default","site-content-style":"unboxed","site-sidebar-style":"unboxed","ast-global-header-display":"","ast-banner-title-visibility":"","ast-main-header-display":"","ast-hfb-above-header-display":"","ast-hfb-below-header-display":"","ast-hfb-mobile-header-display":"","site-post-title":"","ast-breadcrumbs-content":"","ast-featured-img":"","footer-sml-layout":"","ast-disable-related-posts":"","theme-transparent-header-meta":"default","adv-header-id-meta":"","stick-header-meta":"","header-above-stick-meta":"","header-main-stick-meta":"","header-below-stick-meta":"","astra-migrate-meta-layouts":"set","ast-page-background-enabled":"default","ast-page-background-meta":{"desktop":{"background-color":"var(--ast-global-color-4)","background-image":"","background-repeat":"repeat","background-position":"center center","background-size":"auto","background-attachment":"scroll","background-type":"","background-media":"","overlay-type":"","overlay-color":"","overlay-opacity":"","overlay-gradient":""},"tablet":{"background-color":"","background-image":"","background-repeat":"repeat","background-position":"center center","background-size":"auto","background-attachment":"scroll","background-type":"","background-media":"","overlay-type":"","overlay-color":"","overlay-opacity":"","overlay-gradient":""},"mobile":{"background-color":"","background-image":"","background-repeat":"repeat","background-position":"center center","background-size":"auto","background-attachment":"scroll","background-type":"","background-media":"","overlay-type":"","overlay-color":"","overlay-opacity":"","overlay-gradient":""}},"ast-content-background-meta":{"desktop":{"background-color":"var(--ast-global-color-5)","background-image":"","background-repeat":"repeat","background-position":"center center","background-size":"auto","background-attachment":"scroll","background-type":"","background-media":"","overlay-type":"","overlay-color":"","overlay-opacity":"","overlay-gradient":""},"tablet":{"background-color":"var(--ast-global-color-5)","background-image":"","background-repeat":"repeat","background-position":"center center","background-size":"auto","background-attachment":"scroll","background-type":"","background-media":"","overlay-type":"","overlay-color":"","overlay-opacity":"","overlay-gradient":""},"mobile":{"background-color":"var(--ast-global-color-5)","background-image":"","background-repeat":"repeat","background-position":"center center","background-size":"auto","background-attachment":"scroll","background-type":"","background-media":"","overlay-type":"","overlay-color":"","overlay-opacity":"","overlay-gradient":""}}},"product_brand":[],"product_cat":[34],"product_tag":[],"class_list":{"0":"post-338","1":"product","2":"type-product","3":"status-publish","4":"has-post-thumbnail","6":"product_cat-active-fiber","7":"desktop-align-left","8":"tablet-align-left","9":"mobile-align-left","11":"first","12":"instock","13":"shipping-taxable","14":"product-type-external"},"_links":{"self":[{"href":"https:\/\/shopfithealthy.com\/es\/wp-json\/wp\/v2\/product\/338","targetHints":{"allow":["GET"]}}],"collection":[{"href":"https:\/\/shopfithealthy.com\/es\/wp-json\/wp\/v2\/product"}],"about":[{"href":"https:\/\/shopfithealthy.com\/es\/wp-json\/wp\/v2\/types\/product"}],"replies":[{"embeddable":true,"href":"https:\/\/shopfithealthy.com\/es\/wp-json\/wp\/v2\/comments?post=338"}],"wp:featuredmedia":[{"embeddable":true,"href":"https:\/\/shopfithealthy.com\/es\/wp-json\/wp\/v2\/media\/341"}],"wp:attachment":[{"href":"https:\/\/shopfithealthy.com\/es\/wp-json\/wp\/v2\/media?parent=338"}],"wp:term":[{"taxonomy":"product_brand","embeddable":true,"href":"https:\/\/shopfithealthy.com\/es\/wp-json\/wp\/v2\/product_brand?post=338"},{"taxonomy":"product_cat","embeddable":true,"href":"https:\/\/shopfithealthy.com\/es\/wp-json\/wp\/v2\/product_cat?post=338"},{"taxonomy":"product_tag","embeddable":true,"href":"https:\/\/shopfithealthy.com\/es\/wp-json\/wp\/v2\/product_tag?post=338"}],"curies":[{"name":"wp","href":"https:\/\/api.w.org\/{rel}","templated":true}]}}