{"id":327,"date":"2024-07-05T20:47:39","date_gmt":"2024-07-05T20:47:39","guid":{"rendered":"https:\/\/shopfithealthy.com\/?post_type=product&#038;p=327"},"modified":"2024-09-10T15:13:50","modified_gmt":"2024-09-10T15:13:50","slug":"prolessa-duo","status":"publish","type":"product","link":"https:\/\/shopfithealthy.com\/es\/producto\/prolessa-duo\/","title":{"rendered":"Prolessa\u00ae Duo"},"content":{"rendered":"<h5>Principales ventajas<\/h5>\n<div class=\"disc\">\n<ul>\n<li>El \u00e1cido linoleico conjugado ayuda a disminuir la grasa corporal*<\/li>\n<li>Una emulsi\u00f3n \u00fanica de aceites de palma y avena ayuda a reducir la ingesta de calor\u00edas y proporciona una sensaci\u00f3n de saciedad*<\/li>\n<li>Ingredientes cl\u00ednicamente probados<\/li>\n<li>Sin estimulantes<\/li>\n<\/ul>\n<\/div>\n<h5>\u00bfC\u00f3mo Tomar?<\/h5>\n<div class=\"disc\">\n<ul>\n<li>Agite suavemente el bote antes de cada uso, ya que el contenido puede sedimentarse.<\/li>\n<li>Prepara tu batido F\u00f3rmula 1 como de costumbre, a\u00f1ade 1 cacito (10,6 g) de Prolessa<sup>\u00ae<\/sup>\u00a0Batir y mezclar durante 5 a 10 segundos m\u00e1s.<\/li>\n<li>Usa Prolessa<sup>\u00ae<\/sup>\u00a0T\u00f3melo una vez al d\u00eda agreg\u00e1ndolo a su batido F\u00f3rmula 1 de la ma\u00f1ana o de la tarde, leche o yogur.<\/li>\n<li>No es adecuada para bebidas \u00e1cidas o calientes.<\/li>\n<\/ul>\n<p><small>*Estas afirmaciones no han sido evaluadas por la Food and Drug Administration. Este producto no est\u00e1 destinado a diagnosticar, tratar, curar o prevenir ninguna enfermedad.<br \/>\n<\/small><\/p>\n<\/div>","protected":false},"excerpt":{"rendered":"<h3 id=\"info-toggle\" class=\"info-toggle\">Productos<\/h3>\n<div class=\"info-content info-toggle-content\">\n<article>\n<div class=\"overview\">Apoye su programa de p\u00e9rdida de peso con esta f\u00f3rmula de doble acci\u00f3n que ayuda a controlar el hambre y reducir la grasa.* Agregue Prolessa<sup>\u00ae<\/sup>\u00a0A\u00f1ada una vez al d\u00eda a su batido F\u00f3rmula 1 de la ma\u00f1ana o de la tarde, siempre que le resulte dif\u00edcil picar entre comidas o comer en exceso. Elija entre nuestras opciones de Programa de 7 d\u00edas o Programa de 30 d\u00edas.<\/div>\n<div><\/div>\n<div>\n<table style=\"border-collapse: collapse; width: 243.62pt;\" border=\"0\" width=\"406\" cellspacing=\"0\" cellpadding=\"0\">\n<tbody>\n<tr style=\"height: 14.40pt;\">\n<td class=\"et2\" style=\"height: 14.40pt; width: 243.75pt;\" width=\"406\" height=\"24\">Prolessa\u00ae Duo<\/td>\n<\/tr>\n<tr style=\"height: 14.40pt;\">\n<td class=\"et3\" style=\"height: 14.40pt;\" height=\"24\">30 Dias<\/td>\n<\/tr>\n<tr style=\"height: 14.40pt;\">\n<td class=\"et3\" style=\"height: 14.40pt;\" height=\"24\">7 D\u00edas<\/td>\n<\/tr>\n<\/tbody>\n<\/table>\n<p>&nbsp;<\/p>\n<\/div>\n<\/article>\n<\/div>","protected":false},"featured_media":330,"comment_status":"open","ping_status":"closed","template":"","meta":{"site-sidebar-layout":"no-sidebar","site-content-layout":"","ast-site-content-layout":"default","site-content-style":"unboxed","site-sidebar-style":"unboxed","ast-global-header-display":"","ast-banner-title-visibility":"","ast-main-header-display":"","ast-hfb-above-header-display":"","ast-hfb-below-header-display":"","ast-hfb-mobile-header-display":"","site-post-title":"","ast-breadcrumbs-content":"","ast-featured-img":"","footer-sml-layout":"","ast-disable-related-posts":"","theme-transparent-header-meta":"default","adv-header-id-meta":"","stick-header-meta":"","header-above-stick-meta":"","header-main-stick-meta":"","header-below-stick-meta":"","astra-migrate-meta-layouts":"set","ast-page-background-enabled":"default","ast-page-background-meta":{"desktop":{"background-color":"var(--ast-global-color-4)","background-image":"","background-repeat":"repeat","background-position":"center center","background-size":"auto","background-attachment":"scroll","background-type":"","background-media":"","overlay-type":"","overlay-color":"","overlay-opacity":"","overlay-gradient":""},"tablet":{"background-color":"","background-image":"","background-repeat":"repeat","background-position":"center center","background-size":"auto","background-attachment":"scroll","background-type":"","background-media":"","overlay-type":"","overlay-color":"","overlay-opacity":"","overlay-gradient":""},"mobile":{"background-color":"","background-image":"","background-repeat":"repeat","background-position":"center center","background-size":"auto","background-attachment":"scroll","background-type":"","background-media":"","overlay-type":"","overlay-color":"","overlay-opacity":"","overlay-gradient":""}},"ast-content-background-meta":{"desktop":{"background-color":"var(--ast-global-color-5)","background-image":"","background-repeat":"repeat","background-position":"center center","background-size":"auto","background-attachment":"scroll","background-type":"","background-media":"","overlay-type":"","overlay-color":"","overlay-opacity":"","overlay-gradient":""},"tablet":{"background-color":"var(--ast-global-color-5)","background-image":"","background-repeat":"repeat","background-position":"center center","background-size":"auto","background-attachment":"scroll","background-type":"","background-media":"","overlay-type":"","overlay-color":"","overlay-opacity":"","overlay-gradient":""},"mobile":{"background-color":"var(--ast-global-color-5)","background-image":"","background-repeat":"repeat","background-position":"center center","background-size":"auto","background-attachment":"scroll","background-type":"","background-media":"","overlay-type":"","overlay-color":"","overlay-opacity":"","overlay-gradient":""}}},"product_brand":[],"product_cat":[34],"product_tag":[19,49,45],"class_list":{"0":"post-327","1":"product","2":"type-product","3":"status-publish","4":"has-post-thumbnail","6":"product_cat-active-fiber","7":"product_tag-herbalife","8":"product_tag-supplements","9":"product_tag-vitamins","10":"desktop-align-left","11":"tablet-align-left","12":"mobile-align-left","14":"first","15":"instock","16":"shipping-taxable","17":"product-type-external"},"_links":{"self":[{"href":"https:\/\/shopfithealthy.com\/es\/wp-json\/wp\/v2\/product\/327","targetHints":{"allow":["GET"]}}],"collection":[{"href":"https:\/\/shopfithealthy.com\/es\/wp-json\/wp\/v2\/product"}],"about":[{"href":"https:\/\/shopfithealthy.com\/es\/wp-json\/wp\/v2\/types\/product"}],"replies":[{"embeddable":true,"href":"https:\/\/shopfithealthy.com\/es\/wp-json\/wp\/v2\/comments?post=327"}],"wp:featuredmedia":[{"embeddable":true,"href":"https:\/\/shopfithealthy.com\/es\/wp-json\/wp\/v2\/media\/330"}],"wp:attachment":[{"href":"https:\/\/shopfithealthy.com\/es\/wp-json\/wp\/v2\/media?parent=327"}],"wp:term":[{"taxonomy":"product_brand","embeddable":true,"href":"https:\/\/shopfithealthy.com\/es\/wp-json\/wp\/v2\/product_brand?post=327"},{"taxonomy":"product_cat","embeddable":true,"href":"https:\/\/shopfithealthy.com\/es\/wp-json\/wp\/v2\/product_cat?post=327"},{"taxonomy":"product_tag","embeddable":true,"href":"https:\/\/shopfithealthy.com\/es\/wp-json\/wp\/v2\/product_tag?post=327"}],"curies":[{"name":"wp","href":"https:\/\/api.w.org\/{rel}","templated":true}]}}