{"id":305,"date":"2024-07-05T20:19:00","date_gmt":"2024-07-05T20:19:00","guid":{"rendered":"https:\/\/shopfithealthy.com\/?post_type=product&#038;p=305"},"modified":"2024-09-03T22:11:14","modified_gmt":"2024-09-03T22:11:14","slug":"protein-bar-deluxe-citrus-lemon-14-bars-per-box","status":"publish","type":"product","link":"https:\/\/shopfithealthy.com\/es\/producto\/protein-bar-deluxe-citrus-lemon-14-bars-per-box\/","title":{"rendered":"Protein Bar Deluxe"},"content":{"rendered":"<h5>Principales ventajas<\/h5>\n<div class=\"disc\">\n<ul>\n<li>10 g de prote\u00edna por porci\u00f3n<\/li>\n<li>Excelente fuente de prote\u00edna, que ayuda a mantener la energ\u00eda, saciar el hambre y desarrollar y mantener la masa muscular magra.<\/li>\n<li>140 calor\u00edas por barra<\/li>\n<\/ul>\n<\/div>\n<h5>\u00bfC\u00f3mo Tomar?<\/h5>\n<div class=\"disc\">Disfrute de una o dos barras por d\u00eda como refrigerio nutritivo como parte de un programa de control de peso.<\/div>\n<p>&nbsp;<\/p>","protected":false},"excerpt":{"rendered":"<h3 id=\"info-toggle\" class=\"info-toggle\">Productos<\/h3>\n<div class=\"info-content info-toggle-content\">\n<article>\n<div class=\"overview\">\n<p>Obt\u00e9n un refuerzo de prote\u00ednas con nuestra deliciosa Protein Bar Deluxe. Estos deliciosos bocadillos de prote\u00ednas masticables cubiertos con chocolate con leche te ayudan a controlar tu peso y a alcanzar un estilo de vida activo y saludable.<\/p>\n<p>Las prote\u00ednas son vitales para una dieta sana, ya que constituyen uno de los componentes esenciales de muchas c\u00e9lulas del organismo. La prote\u00edna ayuda a saciar el hambre, construir tejido muscular, mantener la masa muscular magra y darle energ\u00eda.<\/p>\n<\/div>\n<table style=\"border-collapse: collapse; width: 243.62pt;\" border=\"0\" width=\"406\" cellspacing=\"0\" cellpadding=\"0\">\n<tbody>\n<tr style=\"height: 16.50pt;\">\n<td class=\"et2\" style=\"height: 16.50pt; width: 243.75pt;\" width=\"406\" height=\"27\"><strong>Protein Bar Deluxe<\/strong><\/td>\n<\/tr>\n<tr style=\"height: 16.50pt;\">\n<td class=\"et3\" style=\"height: 16.50pt;\" height=\"27\"><strong>Vainilla Almendra<\/strong><\/td>\n<\/tr>\n<tr style=\"height: 16.50pt;\">\n<td class=\"et3\" style=\"height: 16.50pt;\" height=\"27\"><strong>C\u00edtricos lim\u00f3n<\/strong><\/td>\n<\/tr>\n<\/tbody>\n<\/table>\n<div class=\"overview\">\n<p><img decoding=\"async\" src=\"https:\/\/edge.myherbalife.com\/vmba\/media\/223658C6-3C6D-443E-B935-B5D7A879B0B0\/Web\/General\/Original\/LowGI.jpg\" alt=\"\" data-assetref=\"LowGI-1696976170614\" \/><\/p>\n<\/div>\n<\/article>\n<\/div>","protected":false},"featured_media":306,"comment_status":"open","ping_status":"closed","template":"","meta":{"site-sidebar-layout":"no-sidebar","site-content-layout":"","ast-site-content-layout":"default","site-content-style":"unboxed","site-sidebar-style":"unboxed","ast-global-header-display":"","ast-banner-title-visibility":"","ast-main-header-display":"","ast-hfb-above-header-display":"","ast-hfb-below-header-display":"","ast-hfb-mobile-header-display":"","site-post-title":"","ast-breadcrumbs-content":"","ast-featured-img":"","footer-sml-layout":"","ast-disable-related-posts":"","theme-transparent-header-meta":"default","adv-header-id-meta":"","stick-header-meta":"","header-above-stick-meta":"","header-main-stick-meta":"","header-below-stick-meta":"","astra-migrate-meta-layouts":"set","ast-page-background-enabled":"default","ast-page-background-meta":{"desktop":{"background-color":"var(--ast-global-color-4)","background-image":"","background-repeat":"repeat","background-position":"center center","background-size":"auto","background-attachment":"scroll","background-type":"","background-media":"","overlay-type":"","overlay-color":"","overlay-opacity":"","overlay-gradient":""},"tablet":{"background-color":"","background-image":"","background-repeat":"repeat","background-position":"center center","background-size":"auto","background-attachment":"scroll","background-type":"","background-media":"","overlay-type":"","overlay-color":"","overlay-opacity":"","overlay-gradient":""},"mobile":{"background-color":"","background-image":"","background-repeat":"repeat","background-position":"center center","background-size":"auto","background-attachment":"scroll","background-type":"","background-media":"","overlay-type":"","overlay-color":"","overlay-opacity":"","overlay-gradient":""}},"ast-content-background-meta":{"desktop":{"background-color":"var(--ast-global-color-5)","background-image":"","background-repeat":"repeat","background-position":"center center","background-size":"auto","background-attachment":"scroll","background-type":"","background-media":"","overlay-type":"","overlay-color":"","overlay-opacity":"","overlay-gradient":""},"tablet":{"background-color":"var(--ast-global-color-5)","background-image":"","background-repeat":"repeat","background-position":"center center","background-size":"auto","background-attachment":"scroll","background-type":"","background-media":"","overlay-type":"","overlay-color":"","overlay-opacity":"","overlay-gradient":""},"mobile":{"background-color":"var(--ast-global-color-5)","background-image":"","background-repeat":"repeat","background-position":"center center","background-size":"auto","background-attachment":"scroll","background-type":"","background-media":"","overlay-type":"","overlay-color":"","overlay-opacity":"","overlay-gradient":""}}},"product_brand":[],"product_cat":[54,34],"product_tag":[53,52],"class_list":{"0":"post-305","1":"product","2":"type-product","3":"status-publish","4":"has-post-thumbnail","6":"product_cat-the-best","7":"product_cat-active-fiber","8":"product_tag-bars","9":"product_tag-snack","10":"desktop-align-left","11":"tablet-align-left","12":"mobile-align-left","14":"first","15":"instock","16":"shipping-taxable","17":"product-type-external"},"_links":{"self":[{"href":"https:\/\/shopfithealthy.com\/es\/wp-json\/wp\/v2\/product\/305","targetHints":{"allow":["GET"]}}],"collection":[{"href":"https:\/\/shopfithealthy.com\/es\/wp-json\/wp\/v2\/product"}],"about":[{"href":"https:\/\/shopfithealthy.com\/es\/wp-json\/wp\/v2\/types\/product"}],"replies":[{"embeddable":true,"href":"https:\/\/shopfithealthy.com\/es\/wp-json\/wp\/v2\/comments?post=305"}],"wp:featuredmedia":[{"embeddable":true,"href":"https:\/\/shopfithealthy.com\/es\/wp-json\/wp\/v2\/media\/306"}],"wp:attachment":[{"href":"https:\/\/shopfithealthy.com\/es\/wp-json\/wp\/v2\/media?parent=305"}],"wp:term":[{"taxonomy":"product_brand","embeddable":true,"href":"https:\/\/shopfithealthy.com\/es\/wp-json\/wp\/v2\/product_brand?post=305"},{"taxonomy":"product_cat","embeddable":true,"href":"https:\/\/shopfithealthy.com\/es\/wp-json\/wp\/v2\/product_cat?post=305"},{"taxonomy":"product_tag","embeddable":true,"href":"https:\/\/shopfithealthy.com\/es\/wp-json\/wp\/v2\/product_tag?post=305"}],"curies":[{"name":"wp","href":"https:\/\/api.w.org\/{rel}","templated":true}]}}