{"id":299,"date":"2024-07-05T20:07:12","date_gmt":"2024-07-05T20:07:12","guid":{"rendered":"https:\/\/shopfithealthy.com\/?post_type=product&#038;p=299"},"modified":"2024-09-03T22:09:50","modified_gmt":"2024-09-03T22:09:50","slug":"high-protein-iced-coffee","status":"publish","type":"product","link":"https:\/\/shopfithealthy.com\/es\/producto\/high-protein-iced-coffee\/","title":{"rendered":"High Protein Iced Coffee"},"content":{"rendered":"<h5>Principales ventajas<\/h5>\n<div class=\"disc\">\n<ul>\n<li>15 g de prote\u00ednas por raci\u00f3n<\/li>\n<li>100 calor\u00edas por raci\u00f3n<\/li>\n<li>Hasta 2 g de az\u00facar por raci\u00f3n<\/li>\n<li>80 mg de cafe\u00edna por porci\u00f3n<\/li>\n<li>Bajo en grasas<\/li>\n<li>Sin aromas artificiales ni colorantes a\u00f1adidos<\/li>\n<\/ul>\n<\/div>\n<h5>\u00bfC\u00f3mo Tomar?<\/h5>\n<div class=\"disc\">\n<ul>\n<li>Para obtener los mejores resultados, llene el vaso mezclador con 8-12 fl. oz. de agua fr\u00eda. A\u00f1ada 2 cucharadas de High Protein Iced Coffee. Agitar y verter sobre hielo.<\/li>\n<li>M\u00e9todo de preparaci\u00f3n alternativo: Utilizar la batidora a baja velocidad en lugar del vaso mezclador.<\/li>\n<li>Disfrute de 2 raciones al d\u00eda<\/li>\n<\/ul>\n<\/div>","protected":false},"excerpt":{"rendered":"<h3 id=\"info-toggle\" class=\"info-toggle\">Productos<\/h3>\n<div class=\"info-content info-toggle-content\">\n<article>\n<div class=\"overview\">\n<p>Consigue un delicioso y refrescante estimulante que te ayudar\u00e1 a mantenerte en marcha durante todo el d\u00eda con esta sabrosa mezcla de aut\u00e9ntico caf\u00e9 y prote\u00edna de suero de leche. Sin la cantidad de az\u00facar que se encuentra en muchas bebidas aromatizadas de cafeter\u00eda, High Protein Iced Coffee es un tentempi\u00e9 helado y nutritivo para refrescarte en cualquier momento del d\u00eda.<\/p>\n<p>Las prote\u00ednas son vitales para una dieta sana, ya que constituyen uno de los componentes esenciales de muchas c\u00e9lulas del organismo. La prote\u00edna ayuda a saciar el hambre, construir tejido muscular, mantener la masa muscular magra y darle energ\u00eda.<\/p>\n<table width=\"406\">\n<tbody>\n<tr>\n<td width=\"406\"><strong>High Protein Iced Coffee:\u00a0<\/strong><\/td>\n<\/tr>\n<tr>\n<td><strong>Casa Blend\\<\/strong><\/td>\n<\/tr>\n<tr>\n<td><strong>Moca<\/strong><\/td>\n<\/tr>\n<tr>\n<td><strong>Macchiato de caramelo<\/strong><\/td>\n<\/tr>\n<\/tbody>\n<\/table>\n<\/div>\n<\/article>\n<\/div>","protected":false},"featured_media":303,"comment_status":"open","ping_status":"closed","template":"","meta":{"site-sidebar-layout":"no-sidebar","site-content-layout":"","ast-site-content-layout":"default","site-content-style":"unboxed","site-sidebar-style":"unboxed","ast-global-header-display":"","ast-banner-title-visibility":"","ast-main-header-display":"","ast-hfb-above-header-display":"","ast-hfb-below-header-display":"","ast-hfb-mobile-header-display":"","site-post-title":"","ast-breadcrumbs-content":"","ast-featured-img":"","footer-sml-layout":"","ast-disable-related-posts":"","theme-transparent-header-meta":"default","adv-header-id-meta":"","stick-header-meta":"","header-above-stick-meta":"","header-main-stick-meta":"","header-below-stick-meta":"","astra-migrate-meta-layouts":"set","ast-page-background-enabled":"default","ast-page-background-meta":{"desktop":{"background-color":"var(--ast-global-color-4)","background-image":"","background-repeat":"repeat","background-position":"center center","background-size":"auto","background-attachment":"scroll","background-type":"","background-media":"","overlay-type":"","overlay-color":"","overlay-opacity":"","overlay-gradient":""},"tablet":{"background-color":"","background-image":"","background-repeat":"repeat","background-position":"center center","background-size":"auto","background-attachment":"scroll","background-type":"","background-media":"","overlay-type":"","overlay-color":"","overlay-opacity":"","overlay-gradient":""},"mobile":{"background-color":"","background-image":"","background-repeat":"repeat","background-position":"center center","background-size":"auto","background-attachment":"scroll","background-type":"","background-media":"","overlay-type":"","overlay-color":"","overlay-opacity":"","overlay-gradient":""}},"ast-content-background-meta":{"desktop":{"background-color":"var(--ast-global-color-5)","background-image":"","background-repeat":"repeat","background-position":"center center","background-size":"auto","background-attachment":"scroll","background-type":"","background-media":"","overlay-type":"","overlay-color":"","overlay-opacity":"","overlay-gradient":""},"tablet":{"background-color":"var(--ast-global-color-5)","background-image":"","background-repeat":"repeat","background-position":"center center","background-size":"auto","background-attachment":"scroll","background-type":"","background-media":"","overlay-type":"","overlay-color":"","overlay-opacity":"","overlay-gradient":""},"mobile":{"background-color":"var(--ast-global-color-5)","background-image":"","background-repeat":"repeat","background-position":"center center","background-size":"auto","background-attachment":"scroll","background-type":"","background-media":"","overlay-type":"","overlay-color":"","overlay-opacity":"","overlay-gradient":""}}},"product_brand":[],"product_cat":[54,34],"product_tag":[19,18],"class_list":{"0":"post-299","1":"product","2":"type-product","3":"status-publish","4":"has-post-thumbnail","6":"product_cat-the-best","7":"product_cat-active-fiber","8":"product_tag-herbalife","9":"product_tag-protein","10":"desktop-align-left","11":"tablet-align-left","12":"mobile-align-left","14":"first","15":"instock","16":"shipping-taxable","17":"product-type-external"},"_links":{"self":[{"href":"https:\/\/shopfithealthy.com\/es\/wp-json\/wp\/v2\/product\/299","targetHints":{"allow":["GET"]}}],"collection":[{"href":"https:\/\/shopfithealthy.com\/es\/wp-json\/wp\/v2\/product"}],"about":[{"href":"https:\/\/shopfithealthy.com\/es\/wp-json\/wp\/v2\/types\/product"}],"replies":[{"embeddable":true,"href":"https:\/\/shopfithealthy.com\/es\/wp-json\/wp\/v2\/comments?post=299"}],"wp:featuredmedia":[{"embeddable":true,"href":"https:\/\/shopfithealthy.com\/es\/wp-json\/wp\/v2\/media\/303"}],"wp:attachment":[{"href":"https:\/\/shopfithealthy.com\/es\/wp-json\/wp\/v2\/media?parent=299"}],"wp:term":[{"taxonomy":"product_brand","embeddable":true,"href":"https:\/\/shopfithealthy.com\/es\/wp-json\/wp\/v2\/product_brand?post=299"},{"taxonomy":"product_cat","embeddable":true,"href":"https:\/\/shopfithealthy.com\/es\/wp-json\/wp\/v2\/product_cat?post=299"},{"taxonomy":"product_tag","embeddable":true,"href":"https:\/\/shopfithealthy.com\/es\/wp-json\/wp\/v2\/product_tag?post=299"}],"curies":[{"name":"wp","href":"https:\/\/api.w.org\/{rel}","templated":true}]}}