{"id":295,"date":"2024-07-05T19:55:13","date_gmt":"2024-07-05T19:55:13","guid":{"rendered":"https:\/\/shopfithealthy.com\/?post_type=product&#038;p=295"},"modified":"2024-09-03T22:08:35","modified_gmt":"2024-09-03T22:08:35","slug":"beverage-mix","status":"publish","type":"product","link":"https:\/\/shopfithealthy.com\/es\/producto\/beverage-mix\/","title":{"rendered":"Beverage Mix"},"content":{"rendered":"<div class=\"overview\">\n<p><span style=\"font-size: 1.2em; font-weight: bold;\">Principales ventajas<\/span><\/p>\n<\/div>\n<div class=\"disc\">\n<ul>\n<li>15 g de prote\u00ednas (buena fuente) ayudan a aumentar tu energ\u00eda a la vez que sacian el hambre entre comidas<\/li>\n<li>0 g Az\u00facar*<\/li>\n<li>70 Calor\u00edas<\/li>\n<\/ul>\n<\/div>\n<h5>\u00bfC\u00f3mo Tomar?<\/h5>\n<div class=\"disc\">\n<ul>\n<li>Agite suavemente el bote unas cuantas veces antes de abrirlo<\/li>\n<li>Mezclar o remover dos scoops con 8 onzas l\u00edquidas de agua y disfrutar<\/li>\n<li>T\u00f3melo a media ma\u00f1ana y\/o a media tarde para saciar sus antojos y satisfacer sus necesidades diarias de prote\u00ednas.<\/li>\n<li>A\u00f1\u00e1delo a tu batido de F\u00f3rmula 1 para un aporte extra de prote\u00ednas<\/li>\n<\/ul>\n<p><small>*No es un alimento bajo o reducido en calor\u00edas<\/small><\/p>\n<\/div>","protected":false},"excerpt":{"rendered":"<div class=\"info-content info-toggle-content\">\n<article>\n<div class=\"overview\">\n<h3 id=\"info-toggle\" class=\"info-toggle\">Productos<\/h3>\n<div class=\"info-content info-toggle-content\">\n<article>\n<div class=\"overview\">\n<p>Disfruta de una explosi\u00f3n de energ\u00eda en dos sabores afrutados con este delicioso y nutritivo tentempi\u00e9 proteico que ayuda a saciar el hambre entre comidas.<\/p>\n<p>Las prote\u00ednas son vitales para una dieta sana, ya que constituyen uno de los componentes esenciales de muchas c\u00e9lulas del organismo. La prote\u00edna ayuda a saciar el hambre, construir tejido muscular, mantener la masa muscular magra y proporcionar energ\u00eda. Y cuando consumes 25 g de prote\u00edna de soja al d\u00eda, como parte de una dieta baja en grasas saturadas y colesterol, puedes reducir el riesgo de padecer enfermedades cardiacas.<\/p>\n<\/div>\n<\/article>\n<\/div>\n<\/div>\n<div class=\"disc\">\n<table style=\"border-collapse: collapse; width: 243.62pt;\" border=\"0\" width=\"406\" cellspacing=\"0\" cellpadding=\"0\">\n<tbody>\n<tr style=\"height: 14.40pt;\">\n<td class=\"et2\" style=\"height: 14.40pt; width: 243.75pt;\" width=\"406\" height=\"24\"><strong>Beverage Mix:<\/strong><\/td>\n<\/tr>\n<tr style=\"height: 14.40pt;\">\n<td style=\"height: 14.40pt;\" height=\"24\"><strong>Melocot\u00f3n mango<\/strong><\/td>\n<\/tr>\n<tr style=\"height: 14.40pt;\">\n<td style=\"height: 14.40pt;\" height=\"24\"><strong>Bayas silvestres<\/strong><\/td>\n<\/tr>\n<\/tbody>\n<\/table>\n<\/div>\n<\/article>\n<\/div>","protected":false},"featured_media":296,"comment_status":"open","ping_status":"closed","template":"","meta":{"site-sidebar-layout":"no-sidebar","site-content-layout":"","ast-site-content-layout":"default","site-content-style":"unboxed","site-sidebar-style":"unboxed","ast-global-header-display":"","ast-banner-title-visibility":"","ast-main-header-display":"","ast-hfb-above-header-display":"","ast-hfb-below-header-display":"","ast-hfb-mobile-header-display":"","site-post-title":"","ast-breadcrumbs-content":"","ast-featured-img":"","footer-sml-layout":"","ast-disable-related-posts":"","theme-transparent-header-meta":"default","adv-header-id-meta":"","stick-header-meta":"","header-above-stick-meta":"","header-main-stick-meta":"","header-below-stick-meta":"","astra-migrate-meta-layouts":"set","ast-page-background-enabled":"default","ast-page-background-meta":{"desktop":{"background-color":"var(--ast-global-color-4)","background-image":"","background-repeat":"repeat","background-position":"center center","background-size":"auto","background-attachment":"scroll","background-type":"","background-media":"","overlay-type":"","overlay-color":"","overlay-opacity":"","overlay-gradient":""},"tablet":{"background-color":"","background-image":"","background-repeat":"repeat","background-position":"center center","background-size":"auto","background-attachment":"scroll","background-type":"","background-media":"","overlay-type":"","overlay-color":"","overlay-opacity":"","overlay-gradient":""},"mobile":{"background-color":"","background-image":"","background-repeat":"repeat","background-position":"center center","background-size":"auto","background-attachment":"scroll","background-type":"","background-media":"","overlay-type":"","overlay-color":"","overlay-opacity":"","overlay-gradient":""}},"ast-content-background-meta":{"desktop":{"background-color":"var(--ast-global-color-5)","background-image":"","background-repeat":"repeat","background-position":"center center","background-size":"auto","background-attachment":"scroll","background-type":"","background-media":"","overlay-type":"","overlay-color":"","overlay-opacity":"","overlay-gradient":""},"tablet":{"background-color":"var(--ast-global-color-5)","background-image":"","background-repeat":"repeat","background-position":"center center","background-size":"auto","background-attachment":"scroll","background-type":"","background-media":"","overlay-type":"","overlay-color":"","overlay-opacity":"","overlay-gradient":""},"mobile":{"background-color":"var(--ast-global-color-5)","background-image":"","background-repeat":"repeat","background-position":"center center","background-size":"auto","background-attachment":"scroll","background-type":"","background-media":"","overlay-type":"","overlay-color":"","overlay-opacity":"","overlay-gradient":""}}},"product_brand":[],"product_cat":[34],"product_tag":[33,18,47],"class_list":{"0":"post-295","1":"product","2":"type-product","3":"status-publish","4":"has-post-thumbnail","6":"product_cat-active-fiber","7":"product_tag-healthy","8":"product_tag-protein","9":"product_tag-teadrinks","10":"desktop-align-left","11":"tablet-align-left","12":"mobile-align-left","14":"first","15":"instock","16":"shipping-taxable","17":"product-type-external"},"_links":{"self":[{"href":"https:\/\/shopfithealthy.com\/es\/wp-json\/wp\/v2\/product\/295","targetHints":{"allow":["GET"]}}],"collection":[{"href":"https:\/\/shopfithealthy.com\/es\/wp-json\/wp\/v2\/product"}],"about":[{"href":"https:\/\/shopfithealthy.com\/es\/wp-json\/wp\/v2\/types\/product"}],"replies":[{"embeddable":true,"href":"https:\/\/shopfithealthy.com\/es\/wp-json\/wp\/v2\/comments?post=295"}],"wp:featuredmedia":[{"embeddable":true,"href":"https:\/\/shopfithealthy.com\/es\/wp-json\/wp\/v2\/media\/296"}],"wp:attachment":[{"href":"https:\/\/shopfithealthy.com\/es\/wp-json\/wp\/v2\/media?parent=295"}],"wp:term":[{"taxonomy":"product_brand","embeddable":true,"href":"https:\/\/shopfithealthy.com\/es\/wp-json\/wp\/v2\/product_brand?post=295"},{"taxonomy":"product_cat","embeddable":true,"href":"https:\/\/shopfithealthy.com\/es\/wp-json\/wp\/v2\/product_cat?post=295"},{"taxonomy":"product_tag","embeddable":true,"href":"https:\/\/shopfithealthy.com\/es\/wp-json\/wp\/v2\/product_tag?post=295"}],"curies":[{"name":"wp","href":"https:\/\/api.w.org\/{rel}","templated":true}]}}