{"id":289,"date":"2024-07-05T19:45:05","date_gmt":"2024-07-05T19:45:05","guid":{"rendered":"https:\/\/shopfithealthy.com\/?post_type=product&#038;p=289"},"modified":"2024-09-13T14:15:09","modified_gmt":"2024-09-13T14:15:09","slug":"protein-drink-mix","status":"publish","type":"product","link":"https:\/\/shopfithealthy.com\/es\/producto\/protein-drink-mix\/","title":{"rendered":"Protein Drink Mix"},"content":{"rendered":"<div class=\"overview\">\n<p>Las prote\u00ednas son vitales para una dieta saludable, ya que son uno de los componentes esenciales de muchos componentes celulares del cuerpo. Las prote\u00ednas ayudan a saciar el hambre, a desarrollar tejido muscular, a mantener la masa muscular magra y a dar energ\u00eda. Y si consume 25 gramos de prote\u00edna de soja al d\u00eda, como parte de una dieta baja en grasas saturadas y colesterol, puede reducir el riesgo de sufrir enfermedades card\u00edacas.<\/p>\n<p><b>M\u00e1s informaci\u00f3n<\/b><\/p>\n<p><a title=\"Recipe Inspiration\" href=\"https:\/\/hnx.myherbalife.com\/recipes-us-as-en?cmp=M_US_EN_WBS_NAMskuPageCEROS_LNK_XXX_PRDPDM_20220607\" target=\"_blank\" rel=\"noopener\">Recipe Inspiration<\/a><\/p>\n<p><img decoding=\"async\" src=\"https:\/\/edge.myherbalife.com\/vmba\/media\/29061B51-2715-4402-94C4-3D9B709A5CF7\/Web\/General\/Original\/GlutenFree.jpg\" alt=\"\" data-assetref=\"GlutenFree-1666767073867\" \/><\/p>\n<h5><i>Nota: Sin gluten, excepto chocolate.<br \/>\n<\/i><\/h5>\n<\/div>\n<h5>Principales ventajas<\/h5>\n<div class=\"disc\">\n<ul>\n<li>15 g de prote\u00edna de soja por porci\u00f3n para ayudar a saciar el hambre y brindarte energ\u00eda duradera.<\/li>\n<li>24 Vitaminas y Minerales<\/li>\n<li>3 g de Carbohidratos<\/li>\n<li>110 calor\u00edas<\/li>\n<li>1 g de Az\u00facar<\/li>\n<\/ul>\n<\/div>\n<h5>\u00bfC\u00f3mo Tomar?<\/h5>\n<div class=\"disc\">\n<ul>\n<li>Agite suavemente el bote antes de cada uso, ya que el contenido puede sedimentarse.<\/li>\n<li>\u00a1Mezcle o revuelva 2 cucharadas de Protein Drink Mix con 8 fl. oz. de agua fr\u00eda y disfrute!<\/li>\n<li>Agregue 2 cucharadas (una porci\u00f3n) de Protein Drink Mix a su batido nutricional F\u00f3rmula 1 Healthy Meal favorito y mezcle o revuelva con 8 fl. oz. de agua para aumentar su ingesta total de prote\u00ednas a 24 gramos.<\/li>\n<li>T\u00f3melo a media ma\u00f1ana y\/o media tarde para ayudar a saciar sus antojos de hambre y para ayudar a cubrir sus necesidades diarias personales de prote\u00ednas.<\/li>\n<\/ul>\n<\/div>\n<div class=\"disc\"><small>*No es un alimento bajo en calor\u00edas o reducido en calor\u00edas.<\/small><\/div>\n<div><\/div>\n<p>&nbsp;<\/p>","protected":false},"excerpt":{"rendered":"<div class=\"overview\">\n<h3 id=\"info-toggle\" class=\"info-toggle\">Productos<\/h3>\n<div class=\"info-content info-toggle-content\">\n<article>\n<div class=\"overview\">\n<p>Satisfaga su hambre, desarrolle tejido muscular, mantenga la masa muscular magra y mant\u00e9ngase con energ\u00eda con el poder de las prote\u00ednas. Agregue la mezcla de bebida proteica a su batido F\u00f3rmula 1 favorito para aumentar su ingesta de prote\u00ednas a 24 gramos por porci\u00f3n, o disfr\u00fatelo como un refrigerio nutritivo.<\/p>\n<\/div>\n<\/article>\n<\/div>\n<table width=\"406\">\n<tbody>\n<tr>\n<td width=\"406\">Protein Drink Mix:<\/td>\n<\/tr>\n<tr>\n<td>Vaiinlla 840 Gr.<\/td>\n<\/tr>\n<tr>\n<td>Chocolate 870 Gr<\/td>\n<\/tr>\n<tr>\n<td>Vainilla\u00a0 616Gr<\/td>\n<\/tr>\n<tr>\n<td>Chocolate 638 Gr<\/td>\n<\/tr>\n<tr>\n<td>Galleta de man\u00ed 616 gr<\/td>\n<\/tr>\n<\/tbody>\n<\/table>\n<\/div>","protected":false},"featured_media":290,"comment_status":"open","ping_status":"closed","template":"","meta":{"site-sidebar-layout":"no-sidebar","site-content-layout":"","ast-site-content-layout":"default","site-content-style":"unboxed","site-sidebar-style":"unboxed","ast-global-header-display":"","ast-banner-title-visibility":"","ast-main-header-display":"","ast-hfb-above-header-display":"","ast-hfb-below-header-display":"","ast-hfb-mobile-header-display":"","site-post-title":"","ast-breadcrumbs-content":"","ast-featured-img":"","footer-sml-layout":"","ast-disable-related-posts":"","theme-transparent-header-meta":"default","adv-header-id-meta":"","stick-header-meta":"","header-above-stick-meta":"","header-main-stick-meta":"","header-below-stick-meta":"","astra-migrate-meta-layouts":"set","ast-page-background-enabled":"default","ast-page-background-meta":{"desktop":{"background-color":"var(--ast-global-color-4)","background-image":"","background-repeat":"repeat","background-position":"center center","background-size":"auto","background-attachment":"scroll","background-type":"","background-media":"","overlay-type":"","overlay-color":"","overlay-opacity":"","overlay-gradient":""},"tablet":{"background-color":"","background-image":"","background-repeat":"repeat","background-position":"center center","background-size":"auto","background-attachment":"scroll","background-type":"","background-media":"","overlay-type":"","overlay-color":"","overlay-opacity":"","overlay-gradient":""},"mobile":{"background-color":"","background-image":"","background-repeat":"repeat","background-position":"center center","background-size":"auto","background-attachment":"scroll","background-type":"","background-media":"","overlay-type":"","overlay-color":"","overlay-opacity":"","overlay-gradient":""}},"ast-content-background-meta":{"desktop":{"background-color":"var(--ast-global-color-5)","background-image":"","background-repeat":"repeat","background-position":"center center","background-size":"auto","background-attachment":"scroll","background-type":"","background-media":"","overlay-type":"","overlay-color":"","overlay-opacity":"","overlay-gradient":""},"tablet":{"background-color":"var(--ast-global-color-5)","background-image":"","background-repeat":"repeat","background-position":"center center","background-size":"auto","background-attachment":"scroll","background-type":"","background-media":"","overlay-type":"","overlay-color":"","overlay-opacity":"","overlay-gradient":""},"mobile":{"background-color":"var(--ast-global-color-5)","background-image":"","background-repeat":"repeat","background-position":"center center","background-size":"auto","background-attachment":"scroll","background-type":"","background-media":"","overlay-type":"","overlay-color":"","overlay-opacity":"","overlay-gradient":""}}},"product_brand":[],"product_cat":[54,34],"product_tag":[19,18,47],"class_list":{"0":"post-289","1":"product","2":"type-product","3":"status-publish","4":"has-post-thumbnail","6":"product_cat-the-best","7":"product_cat-active-fiber","8":"product_tag-herbalife","9":"product_tag-protein","10":"product_tag-teadrinks","11":"desktop-align-left","12":"tablet-align-left","13":"mobile-align-left","15":"first","16":"instock","17":"shipping-taxable","18":"product-type-external"},"_links":{"self":[{"href":"https:\/\/shopfithealthy.com\/es\/wp-json\/wp\/v2\/product\/289","targetHints":{"allow":["GET"]}}],"collection":[{"href":"https:\/\/shopfithealthy.com\/es\/wp-json\/wp\/v2\/product"}],"about":[{"href":"https:\/\/shopfithealthy.com\/es\/wp-json\/wp\/v2\/types\/product"}],"replies":[{"embeddable":true,"href":"https:\/\/shopfithealthy.com\/es\/wp-json\/wp\/v2\/comments?post=289"}],"wp:featuredmedia":[{"embeddable":true,"href":"https:\/\/shopfithealthy.com\/es\/wp-json\/wp\/v2\/media\/290"}],"wp:attachment":[{"href":"https:\/\/shopfithealthy.com\/es\/wp-json\/wp\/v2\/media?parent=289"}],"wp:term":[{"taxonomy":"product_brand","embeddable":true,"href":"https:\/\/shopfithealthy.com\/es\/wp-json\/wp\/v2\/product_brand?post=289"},{"taxonomy":"product_cat","embeddable":true,"href":"https:\/\/shopfithealthy.com\/es\/wp-json\/wp\/v2\/product_cat?post=289"},{"taxonomy":"product_tag","embeddable":true,"href":"https:\/\/shopfithealthy.com\/es\/wp-json\/wp\/v2\/product_tag?post=289"}],"curies":[{"name":"wp","href":"https:\/\/api.w.org\/{rel}","templated":true}]}}