{"id":269,"date":"2024-07-05T16:05:08","date_gmt":"2024-07-05T16:05:08","guid":{"rendered":"https:\/\/shopfithealthy.com\/?post_type=product&#038;p=269"},"modified":"2024-09-03T22:05:41","modified_gmt":"2024-09-03T22:05:41","slug":"formula-1-healthy-meal-nutritional-shake-mix-cookies-n-cream","status":"publish","type":"product","link":"https:\/\/shopfithealthy.com\/es\/producto\/formula-1-healthy-meal-nutritional-shake-mix-cookies-n-cream\/","title":{"rendered":"Formula 1 Healthy Meal"},"content":{"rendered":"<div class=\"info-content info-toggle-content\">\n<article>\n<div class=\"overview\">\n<p>La prote\u00edna es vital para una dieta sana, ya que es uno de los componentes esenciales de muchos componentes celulares del cuerpo. La prote\u00edna ayuda a saciar el hambre, construir tejido muscular, mantener la masa muscular magra y proporcionar energ\u00eda. Y cuando consumes 25 g de prote\u00edna de soja al d\u00eda, como parte de una dieta baja en grasas saturadas y colesterol, puedes reducir el riesgo de padecer enfermedades card\u00edacas. Una raci\u00f3n de F\u00f3rmula 1 aporta 9 g de prote\u00edna de soja. Los estudios cl\u00ednicos sobre la F\u00f3rmula 1 estadounidense (un estudio) y sobre productos similares demuestran que los batidos de F\u00f3rmula 1 tomados dos veces al d\u00eda como parte de una dieta baja en calor\u00edas junto con ejercicio moderado ayudan a las personas a perder peso.<\/p>\n<p><i><b>NOTE:<\/b>\u00a0Sin gluten, excepto los sabores Cookies n' Cream y Mint Chocolate.<\/i><\/p>\n<p><b>M\u00e1s informaci\u00f3n<\/b><\/p>\n<p><a href=\"https:\/\/hnx.myherbalife.com\/recipes-us-as-en?cmp=M_US_EN_WBS_NAMskuPageCEROS_LNK_XXX_PRDF1_20221024\">Recipe Inspiration<\/a><\/p>\n<\/div>\n<h5>Principales ventajas<\/h5>\n<div class=\"disc\">\n<ul>\n<li>17 g a 24 g* de prote\u00ednas de alta calidad para saciar el hambre (cuando se prepara con 8 onzas l\u00edquidas de leche descremada o una porci\u00f3n (2 cucharadas) de Protein Drink Mix)<\/li>\n<li>21 Vitaminas y minerales<\/li>\n<li>170 calor\u00edas cuando la preparas directamente<\/li>\n<li>0 Colesterol, 0 Grasas saturadas<\/li>\n<li>Una buena fuente de fibra<\/li>\n<li>Excelente fuente de vitaminas antioxidantes A (en forma de betacaroteno), C y E<\/li>\n<\/ul>\n<\/div>\n<h5>\u00bfC\u00f3mo Tomar?<\/h5>\n<div class=\"disc\">\n<ul>\n<li>Agite suavemente el bote antes de cada uso, ya que el contenido puede sedimentarse.<\/li>\n<li>Licuar o mezclar 2 cucharadas con 8 onzas de leche descremada o leche de soja y \u00a1disfrutar!<\/li>\n<li>Crea tus propias recetas de F\u00f3rmula 1 mezcl\u00e1ndolas con fruta fresca y hielo.<\/li>\n<li>A\u00f1ada 2 scoops (una raci\u00f3n) de Protein Drink Mix a su batido nutricional F\u00f3rmula 1 Healthy Meal favorito y m\u00e9zclelo o remu\u00e9valo con 8 onzas l\u00edquidas de agua para aumentar su ingesta de prote\u00ednas a 24 g por raci\u00f3n.<\/li>\n<li>Indicaciones para ni\u00f1os: Mezcle 1 scoop (12,5 g) con 8 onzas l\u00edquidas de leche descremada o leche de soja para una merienda nutritiva. Este producto no est\u00e1 indicado para el control de peso en ni\u00f1os ni para su consumo en ni\u00f1os menores de 4 a\u00f1os.<\/li>\n<li>Herbalife tambi\u00e9n recomienda su uso con el Complejo Multivitam\u00ednico F\u00f3rmula 2 y el Activador Celular F\u00f3rmula 3.<sup><small>\u00ae<\/small><\/sup>\u00a0para completar el programa de Nutrici\u00f3n Celular B\u00e1sica de Herbalife.<\/li>\n<\/ul>\n<\/div>\n<div class=\"disc\"><small>*Los productos Herbalife no tratan la diabetes, pero los diab\u00e9ticos pueden utilizarlos.<\/small><\/div>\n<\/article>\n<\/div>","protected":false},"excerpt":{"rendered":"<h3 id=\"info-toggle\" class=\"info-toggle\">Productos<\/h3>\n<div class=\"info-content info-toggle-content\">\n<article>\n<div class=\"overview\">\n<p>Comienza tus h\u00e1bitos alimenticios saludables con el batido nutricional F\u00f3rmula 1 Healthy Meal, una forma deliciosa y f\u00e1cil de darle a tu cuerpo una comida nutritiva y equilibrada en un abrir y cerrar de ojos. Con una densa mezcla de prote\u00ednas, carbohidratos, fibra y vitaminas y minerales esenciales, F\u00f3rmula 1 es todo lo que necesitas en un vaso, es apto para diab\u00e9ticos* y, con m\u00e1s de 10 sabores para elegir, es f\u00e1cil de personalizar seg\u00fan tus gustos y necesidades nutricionales.<\/p>\n<p>&nbsp;<\/p>\n<\/div>\n<\/article>\n<\/div>","protected":false},"featured_media":274,"comment_status":"open","ping_status":"closed","template":"","meta":{"site-sidebar-layout":"no-sidebar","site-content-layout":"","ast-site-content-layout":"default","site-content-style":"unboxed","site-sidebar-style":"unboxed","ast-global-header-display":"","ast-banner-title-visibility":"","ast-main-header-display":"","ast-hfb-above-header-display":"","ast-hfb-below-header-display":"","ast-hfb-mobile-header-display":"","site-post-title":"","ast-breadcrumbs-content":"","ast-featured-img":"","footer-sml-layout":"","ast-disable-related-posts":"","theme-transparent-header-meta":"default","adv-header-id-meta":"","stick-header-meta":"","header-above-stick-meta":"","header-main-stick-meta":"","header-below-stick-meta":"","astra-migrate-meta-layouts":"set","ast-page-background-enabled":"default","ast-page-background-meta":{"desktop":{"background-color":"var(--ast-global-color-4)","background-image":"","background-repeat":"repeat","background-position":"center center","background-size":"auto","background-attachment":"scroll","background-type":"","background-media":"","overlay-type":"","overlay-color":"","overlay-opacity":"","overlay-gradient":""},"tablet":{"background-color":"","background-image":"","background-repeat":"repeat","background-position":"center center","background-size":"auto","background-attachment":"scroll","background-type":"","background-media":"","overlay-type":"","overlay-color":"","overlay-opacity":"","overlay-gradient":""},"mobile":{"background-color":"","background-image":"","background-repeat":"repeat","background-position":"center center","background-size":"auto","background-attachment":"scroll","background-type":"","background-media":"","overlay-type":"","overlay-color":"","overlay-opacity":"","overlay-gradient":""}},"ast-content-background-meta":{"desktop":{"background-color":"var(--ast-global-color-5)","background-image":"","background-repeat":"repeat","background-position":"center center","background-size":"auto","background-attachment":"scroll","background-type":"","background-media":"","overlay-type":"","overlay-color":"","overlay-opacity":"","overlay-gradient":""},"tablet":{"background-color":"var(--ast-global-color-5)","background-image":"","background-repeat":"repeat","background-position":"center center","background-size":"auto","background-attachment":"scroll","background-type":"","background-media":"","overlay-type":"","overlay-color":"","overlay-opacity":"","overlay-gradient":""},"mobile":{"background-color":"var(--ast-global-color-5)","background-image":"","background-repeat":"repeat","background-position":"center center","background-size":"auto","background-attachment":"scroll","background-type":"","background-media":"","overlay-type":"","overlay-color":"","overlay-opacity":"","overlay-gradient":""}}},"product_brand":[],"product_cat":[54,34],"product_tag":[],"class_list":{"0":"post-269","1":"product","2":"type-product","3":"status-publish","4":"has-post-thumbnail","6":"product_cat-the-best","7":"product_cat-active-fiber","8":"desktop-align-left","9":"tablet-align-left","10":"mobile-align-left","12":"first","13":"instock","14":"shipping-taxable","15":"product-type-external"},"_links":{"self":[{"href":"https:\/\/shopfithealthy.com\/es\/wp-json\/wp\/v2\/product\/269","targetHints":{"allow":["GET"]}}],"collection":[{"href":"https:\/\/shopfithealthy.com\/es\/wp-json\/wp\/v2\/product"}],"about":[{"href":"https:\/\/shopfithealthy.com\/es\/wp-json\/wp\/v2\/types\/product"}],"replies":[{"embeddable":true,"href":"https:\/\/shopfithealthy.com\/es\/wp-json\/wp\/v2\/comments?post=269"}],"wp:featuredmedia":[{"embeddable":true,"href":"https:\/\/shopfithealthy.com\/es\/wp-json\/wp\/v2\/media\/274"}],"wp:attachment":[{"href":"https:\/\/shopfithealthy.com\/es\/wp-json\/wp\/v2\/media?parent=269"}],"wp:term":[{"taxonomy":"product_brand","embeddable":true,"href":"https:\/\/shopfithealthy.com\/es\/wp-json\/wp\/v2\/product_brand?post=269"},{"taxonomy":"product_cat","embeddable":true,"href":"https:\/\/shopfithealthy.com\/es\/wp-json\/wp\/v2\/product_cat?post=269"},{"taxonomy":"product_tag","embeddable":true,"href":"https:\/\/shopfithealthy.com\/es\/wp-json\/wp\/v2\/product_tag?post=269"}],"curies":[{"name":"wp","href":"https:\/\/api.w.org\/{rel}","templated":true}]}}