{"id":1836,"date":"2024-07-20T18:19:38","date_gmt":"2024-07-20T18:19:38","guid":{"rendered":"https:\/\/shopfithealthy.com\/?post_type=product&#038;p=1836"},"modified":"2024-09-03T22:30:44","modified_gmt":"2024-09-03T22:30:44","slug":"herbalife24-bcaas-green-apple","status":"publish","type":"product","link":"https:\/\/shopfithealthy.com\/es\/producto\/herbalife24-bcaas-green-apple\/","title":{"rendered":"Herbalife24\u00ae BCAAs"},"content":{"rendered":"<h5>Principales ventajas<\/h5>\n<div class=\"disc\">\n<ul>\n<li>Desarrolla y conserva la masa muscular*.<\/li>\n<li>Estimular el crecimiento muscular*.<\/li>\n<li>Frena la degradaci\u00f3n muscular* (proporci\u00f3n 4:1:1 de leucina, valina e isoleucina)<\/li>\n<li>Favorece la recuperaci\u00f3n muscular*.<\/li>\n<li>Maximice sus resultados<\/li>\n<li>5 g de BCAA, incluidos 3 g de leucina<\/li>\n<li>No contiene estimulantes<\/li>\n<li>Menos de 1 g de hidratos de carbono<\/li>\n<li>NSF<sup><small>\u00ae<\/small><\/sup>\u00a0Certificado para el deporte<sup><small>\u00ae<\/small><\/sup>\n<ul>\n<li>TESTED - Limpio de sustancias prohibidas en atletismo<\/li>\n<li>VERIFICADO - Cumple las declaraciones de la etiqueta y los criterios de las pruebas de contaminantes.<\/li>\n<li>AUDITADO - Las instalaciones de fabricaci\u00f3n cumplen las BPF<\/li>\n<\/ul>\n<\/li>\n<\/ul>\n<\/div>\n<h5>\u00bfC\u00f3mo Tomar?<\/h5>\n<div class=\"disc\">\n<p>Mezcle un cacito (unos 7 g) en 14 onzas l\u00edquidas de agua 1-2 veces al d\u00eda antes o durante el entrenamiento.<\/p>\n<\/div>\n<div class=\"disc\"><small>*Estas afirmaciones no han sido evaluadas por la Food and Drug Administration. Este producto no est\u00e1 destinado a diagnosticar, tratar, curar o prevenir ninguna enfermedad.<\/small><\/div>","protected":false},"excerpt":{"rendered":"<h3 id=\"info-toggle\" class=\"info-toggle\">Productos<\/h3>\n<div class=\"info-content info-toggle-content\">\n<article>\n<div class=\"overview\">\n<p>Estimule el crecimiento muscular y la recuperaci\u00f3n con Herbalife24\u00ae BCAAs, que proporciona 5 g de amino\u00e1cidos de cadena ramificada, incluyendo 3 g de leucina. Cons\u00famalos antes o durante su entrenamiento para ayudar a preservar el m\u00fasculo magro al detener la degradaci\u00f3n muscular. Con 25 calor\u00edas por raci\u00f3n y un crujiente sabor a manzana verde, los BCAA son el complemento perfecto para su estilo de vida activo y saludable.<\/p>\n<\/div>\n<\/article>\n<\/div>","protected":false},"featured_media":1833,"comment_status":"open","ping_status":"closed","template":"","meta":{"site-sidebar-layout":"default","site-content-layout":"","ast-site-content-layout":"default","site-content-style":"default","site-sidebar-style":"default","ast-global-header-display":"","ast-banner-title-visibility":"","ast-main-header-display":"","ast-hfb-above-header-display":"","ast-hfb-below-header-display":"","ast-hfb-mobile-header-display":"","site-post-title":"","ast-breadcrumbs-content":"","ast-featured-img":"","footer-sml-layout":"","ast-disable-related-posts":"","theme-transparent-header-meta":"default","adv-header-id-meta":"","stick-header-meta":"","header-above-stick-meta":"","header-main-stick-meta":"","header-below-stick-meta":"","astra-migrate-meta-layouts":"set","ast-page-background-enabled":"default","ast-page-background-meta":{"desktop":{"background-color":"var(--ast-global-color-4)","background-image":"","background-repeat":"repeat","background-position":"center center","background-size":"auto","background-attachment":"scroll","background-type":"","background-media":"","overlay-type":"","overlay-color":"","overlay-opacity":"","overlay-gradient":""},"tablet":{"background-color":"","background-image":"","background-repeat":"repeat","background-position":"center center","background-size":"auto","background-attachment":"scroll","background-type":"","background-media":"","overlay-type":"","overlay-color":"","overlay-opacity":"","overlay-gradient":""},"mobile":{"background-color":"","background-image":"","background-repeat":"repeat","background-position":"center center","background-size":"auto","background-attachment":"scroll","background-type":"","background-media":"","overlay-type":"","overlay-color":"","overlay-opacity":"","overlay-gradient":""}},"ast-content-background-meta":{"desktop":{"background-color":"var(--ast-global-color-5)","background-image":"","background-repeat":"repeat","background-position":"center center","background-size":"auto","background-attachment":"scroll","background-type":"","background-media":"","overlay-type":"","overlay-color":"","overlay-opacity":"","overlay-gradient":""},"tablet":{"background-color":"var(--ast-global-color-5)","background-image":"","background-repeat":"repeat","background-position":"center center","background-size":"auto","background-attachment":"scroll","background-type":"","background-media":"","overlay-type":"","overlay-color":"","overlay-opacity":"","overlay-gradient":""},"mobile":{"background-color":"var(--ast-global-color-5)","background-image":"","background-repeat":"repeat","background-position":"center center","background-size":"auto","background-attachment":"scroll","background-type":"","background-media":"","overlay-type":"","overlay-color":"","overlay-opacity":"","overlay-gradient":""}}},"product_brand":[],"product_cat":[17],"product_tag":[49,47,25],"class_list":{"0":"post-1836","1":"product","2":"type-product","3":"status-publish","4":"has-post-thumbnail","6":"product_cat-protein","7":"product_tag-supplements","8":"product_tag-teadrinks","9":"product_tag-vitamin","10":"desktop-align-left","11":"tablet-align-left","12":"mobile-align-left","14":"first","15":"instock","16":"shipping-taxable","17":"product-type-external"},"_links":{"self":[{"href":"https:\/\/shopfithealthy.com\/es\/wp-json\/wp\/v2\/product\/1836","targetHints":{"allow":["GET"]}}],"collection":[{"href":"https:\/\/shopfithealthy.com\/es\/wp-json\/wp\/v2\/product"}],"about":[{"href":"https:\/\/shopfithealthy.com\/es\/wp-json\/wp\/v2\/types\/product"}],"replies":[{"embeddable":true,"href":"https:\/\/shopfithealthy.com\/es\/wp-json\/wp\/v2\/comments?post=1836"}],"wp:featuredmedia":[{"embeddable":true,"href":"https:\/\/shopfithealthy.com\/es\/wp-json\/wp\/v2\/media\/1833"}],"wp:attachment":[{"href":"https:\/\/shopfithealthy.com\/es\/wp-json\/wp\/v2\/media?parent=1836"}],"wp:term":[{"taxonomy":"product_brand","embeddable":true,"href":"https:\/\/shopfithealthy.com\/es\/wp-json\/wp\/v2\/product_brand?post=1836"},{"taxonomy":"product_cat","embeddable":true,"href":"https:\/\/shopfithealthy.com\/es\/wp-json\/wp\/v2\/product_cat?post=1836"},{"taxonomy":"product_tag","embeddable":true,"href":"https:\/\/shopfithealthy.com\/es\/wp-json\/wp\/v2\/product_tag?post=1836"}],"curies":[{"name":"wp","href":"https:\/\/api.w.org\/{rel}","templated":true}]}}